{"id":24,"date":"2019-12-05T10:11:59","date_gmt":"2019-12-05T07:11:59","guid":{"rendered":"https:\/\/begelelektrik.com\/en\/?page_id=24"},"modified":"2020-02-24T15:42:42","modified_gmt":"2020-02-24T12:42:42","slug":"references","status":"publish","type":"page","link":"https:\/\/www.begelelektrik.com\/en\/references\/","title":{"rendered":"REFERENCES"},"content":{"rendered":"\n<div class=\"rl-gallery-container rl-loading\" id=\"rl-gallery-container-1\" data-gallery_id=\"185\"> <div class=\"rl-gallery rl-basicgrid-gallery \" id=\"rl-gallery-1\" data-gallery_no=\"1\"> <div class=\"rl-gallery-item\"><a href=\"https:\/\/www.begelelektrik.com\/en\/wp-content\/uploads\/2019\/12\/uedas.jpg\" title=\"\" data-rl_title=\"\" class=\"rl-gallery-link\" data-rl_caption=\"\" data-rel=\"lightbox-gallery-1\"><img src=\"https:\/\/www.begelelektrik.com\/en\/wp-content\/uploads\/2019\/12\/uedas.jpg\" width=\"664\" height=\"380\" alt=\"\" \/><\/a><\/div><div class=\"rl-gallery-item\"><a href=\"https:\/\/www.begelelektrik.com\/en\/wp-content\/uploads\/2020\/07\/tki-e1594640196873.png\" title=\"\" data-rl_title=\"\" class=\"rl-gallery-link\" data-rl_caption=\"\" data-rel=\"lightbox-gallery-1\"><img src=\"https:\/\/www.begelelektrik.com\/en\/wp-content\/uploads\/2020\/07\/tki-e1594640196873.png\" width=\"400\" height=\"400\" alt=\"\" \/><\/a><\/div><div class=\"rl-gallery-item\"><a href=\"https:\/\/www.begelelektrik.com\/en\/wp-content\/uploads\/2019\/12\/teias1.jpg\" title=\"\" data-rl_title=\"\" class=\"rl-gallery-link\" data-rl_caption=\"\" data-rel=\"lightbox-gallery-1\"><img src=\"https:\/\/www.begelelektrik.com\/en\/wp-content\/uploads\/2019\/12\/teias1.jpg\" width=\"400\" height=\"400\" alt=\"\" \/><\/a><\/div><div class=\"rl-gallery-item\"><a href=\"https:\/\/www.begelelektrik.com\/en\/wp-content\/uploads\/2019\/12\/euas-1.jpg\" title=\"\" data-rl_title=\"\" class=\"rl-gallery-link\" data-rl_caption=\"\" data-rel=\"lightbox-gallery-1\"><img src=\"https:\/\/www.begelelektrik.com\/en\/wp-content\/uploads\/2019\/12\/euas-1.jpg\" width=\"737\" height=\"416\" alt=\"\" \/><\/a><\/div><div class=\"rl-gallery-item\"><a href=\"https:\/\/www.begelelektrik.com\/en\/wp-content\/uploads\/2019\/12\/celiker.png\" title=\"\" data-rl_title=\"\" class=\"rl-gallery-link\" data-rl_caption=\"\" data-rel=\"lightbox-gallery-1\"><img src=\"https:\/\/www.begelelektrik.com\/en\/wp-content\/uploads\/2019\/12\/celiker.png\" width=\"270\" height=\"248\" alt=\"\" \/><\/a><\/div><div class=\"rl-gallery-item\"><a href=\"https:\/\/www.begelelektrik.com\/en\/wp-content\/uploads\/2019\/12\/akdenizelektrikdagitim.jpg\" title=\"\" data-rl_title=\"\" class=\"rl-gallery-link\" data-rl_caption=\"\" data-rel=\"lightbox-gallery-1\"><img src=\"https:\/\/www.begelelektrik.com\/en\/wp-content\/uploads\/2019\/12\/akdenizelektrikdagitim.jpg\" width=\"512\" height=\"512\" alt=\"\" \/><\/a><\/div><div class=\"rl-gallery-item\"><a href=\"https:\/\/www.begelelektrik.com\/en\/wp-content\/uploads\/2019\/12\/baskent.png\" title=\"\" data-rl_title=\"\" class=\"rl-gallery-link\" data-rl_caption=\"\" data-rel=\"lightbox-gallery-1\"><img src=\"https:\/\/www.begelelektrik.com\/en\/wp-content\/uploads\/2019\/12\/baskent.png\" width=\"400\" height=\"400\" alt=\"\" \/><\/a><\/div><div class=\"rl-gallery-item\"><a href=\"https:\/\/www.begelelektrik.com\/en\/wp-content\/uploads\/2019\/12\/yedas.png\" title=\"\" data-rl_title=\"\" class=\"rl-gallery-link\" data-rl_caption=\"\" data-rel=\"lightbox-gallery-1\"><img src=\"https:\/\/www.begelelektrik.com\/en\/wp-content\/uploads\/2019\/12\/yedas.png\" width=\"554\" height=\"554\" alt=\"\" \/><\/a><\/div><div class=\"rl-gallery-item\"><a href=\"https:\/\/www.begelelektrik.com\/en\/wp-content\/uploads\/2019\/12\/calikenerji-1.png\" title=\"\" data-rl_title=\"\" class=\"rl-gallery-link\" data-rl_caption=\"\" data-rel=\"lightbox-gallery-1\"><img src=\"https:\/\/www.begelelektrik.com\/en\/wp-content\/uploads\/2019\/12\/calikenerji-1.png\" width=\"626\" height=\"626\" alt=\"\" \/><\/a><\/div> <\/div> <\/div>\n\n\n\n<ol><li>1. 2020: Waha Oil 9 GE TM 2500+ Mobile Gas turbine Installation and Adaptation Works: 2 500 000 USD ; ongoing<\/li><li>2. 2020: TE\u0130A\u015e 154kV Ovac\u0131k Havza Transformer Center Extension and Rehabilition 2270 550, 00 TL ongoing<\/li><li>3. 2020: EUA\u015e Obruk Hes Protective Relay : 114 000 EURO ; ongoing<\/li><li>4. 2019: E\u00dcA\u015e B\u0130REC\u0130K \u2013 N\u0130Z\u0130P HES : 420 kV Transformer Center Extension: completed: 3 500 000, 00 TL<\/li><li>5. 2019 : TE\u0130A\u015e 6.B\u00d6LGE M\u00dcD\u00dcRL\u00dc\u011e\u00dc : 154 kV U\u015eAK OSB SUBSTATION : completed; 5 000 0000,00 TL<\/li><li>6. 2018 : \u00c7EL\u0130KLER HOLDING PAMUKOREN GEOTHERMAL SANTRAL 154kV Substation Construction Works: 450 000 TL ; completed.<\/li><li>7. 2018 TE\u0130A\u015e 12.B\u00d6LGE M\u00dcD\u00dcRL\u00dc\u011e\u00dc : Dismantling 37 pieces 154kV and 5 pieces 420 kV disconnecting switch and renewing with motorized switches<\/li><li>8. 2017 E\u00dcA\u015e AMBARLI CCPP 380kV \u2013 154kV Substation Renewing; Primer Equipment Modernisation,Busbar Protection, Renewing complete secondary systems, SCADA systems 2500 000 TL ; completed<\/li><li>9. 2016 : TURKMENISTAN 110\/35\/10 kV AKBUGDAY SUBSTATION 2500000 EURO completed<\/li><li>10. 2016 : TURKMENISTAN 35\/10 kV GULMAC 1250 000 EURO ; completed<\/li><li>11. 2016: TURKMENISTAN 110\/35\/10kV GARRIKYARIZ substation primary and secondary project design, Protection and SCADA PANELS production : 350 000 US dollars completed<\/li><li>12. 2016 : TE\u0130A\u015e 154\/33 kV GONEN SUBSTATION Transformer Protection Panel Renewing and MV Switchgear Modification and new type 5\u015e MV Buillding Construction : 1250000 TL completed<\/li><li>13. 2015: TE\u0130A\u015e 154kV DERINKUYU TM 2 Overhead Line Feeder Extension: 1448000TL ; completed<\/li><li>14. \u00c7ALIK ENERGY TURKMENISTAN AST-1 PROJECT 16 pieces 110\/35\/10 kV ELECTRICAL PRIMARY AND SECONDARY DESIGN ACCORDING TO SNIP NORMS : 150000 USD ; completed<\/li><li>15. \u00c7ALIK ENERGY TURKMENISTAN AST-1 PROJECT 4 PIECES 220\/110\/35\/10 kV TRANSFORMER CENTER ELECTRICAL PRIMARY AND SECONDARY DESIGN ACCORDING TO SNIP NORMS ; 50000 EURO completed<\/li><li>16. YAKINDOST COMPANY 110\/35\/10 kV 2*25 MVA KAKHA TRANSFORMER CENTER RELAY AND CONTROL PANELS ERECTION , TEST AND COMMISSIONING ; 500000 US dollars completed<\/li><li>17. TE\u0130A\u015e \u015eANLIURFA KARACA 154\/33 kV TRANSFORMER CENTER 50( 62.5) MVA TRANSFORMER FEEDER ERECTION ; 1565000 TL completed<\/li><li>18. YEDAS 30 000 MVAR AUTOMATIC CAPACITOR BANK PROJECT; 2650000 TL completed.<\/li><li>19. AKSARAY ULUKISLA HIGH SPEED RAILWAY ELECTRICAL AND SIGNALISATION PROJECTS design : 100000 EUR completed<\/li><\/ol>\n","protected":false},"excerpt":{"rendered":"<p>1. 2020: Waha Oil 9 GE TM 2500+ Mobile Gas turbine Installation and Adaptation Works: 2 500 000 USD ; ongoing 2. 2020: TE\u0130A\u015e 154kV Ovac\u0131k Havza Transformer Center Extension and Rehabilition 2270 550, 00 TL ongoing 3. 2020: EUA\u015e Obruk Hes Protective Relay : 114 000 EURO ; ongoing 4. 2019: E\u00dcA\u015e B\u0130REC\u0130K \u2013 [&hellip;]<\/p>\n","protected":false},"author":1,"featured_media":0,"parent":0,"menu_order":0,"comment_status":"closed","ping_status":"closed","template":"","meta":[],"_links":{"self":[{"href":"https:\/\/www.begelelektrik.com\/en\/wp-json\/wp\/v2\/pages\/24"}],"collection":[{"href":"https:\/\/www.begelelektrik.com\/en\/wp-json\/wp\/v2\/pages"}],"about":[{"href":"https:\/\/www.begelelektrik.com\/en\/wp-json\/wp\/v2\/types\/page"}],"author":[{"embeddable":true,"href":"https:\/\/www.begelelektrik.com\/en\/wp-json\/wp\/v2\/users\/1"}],"replies":[{"embeddable":true,"href":"https:\/\/www.begelelektrik.com\/en\/wp-json\/wp\/v2\/comments?post=24"}],"version-history":[{"count":5,"href":"https:\/\/www.begelelektrik.com\/en\/wp-json\/wp\/v2\/pages\/24\/revisions"}],"predecessor-version":[{"id":230,"href":"https:\/\/www.begelelektrik.com\/en\/wp-json\/wp\/v2\/pages\/24\/revisions\/230"}],"wp:attachment":[{"href":"https:\/\/www.begelelektrik.com\/en\/wp-json\/wp\/v2\/media?parent=24"}],"curies":[{"name":"wp","href":"https:\/\/api.w.org\/{rel}","templated":true}]}}