{"id":103,"date":"2019-12-05T11:41:18","date_gmt":"2019-12-05T08:41:18","guid":{"rendered":"https:\/\/begelelektrik.com\/tr\/?page_id=103"},"modified":"2019-12-05T11:42:20","modified_gmt":"2019-12-05T08:42:20","slug":"orta-gerilim-kapasitor-banklari","status":"publish","type":"page","link":"https:\/\/www.begelelektrik.com\/tr\/orta-gerilim-kapasitor-banklari\/","title":{"rendered":"ORTA GER\u0130L\u0130M KAPAS\u0130T\u00d6R BANKLARI"},"content":{"rendered":"\n<div class=\"wp-block-columns is-layout-flex wp-container-3\">\n<div class=\"wp-block-column is-layout-flow\">\n<p> <strong>\u00dcr\u00fcn Kodu:\u00a0<\/strong>KAP01 <\/p>\n\n\n\n<p> <strong>\u00dcretici:<\/strong>\u00a0BEGEL ENERJ\u0130 <\/p>\n\n\n\n<p><\/p>\n\n\n\n<p> <strong>Detaylar<\/strong> <\/p>\n\n\n\n<p> Orta gerilim kapasit\u00f6r bataryalar\u0131 End\u00fcstri, elektrik \u015febekelerinde 36kV\u2019ya kadar g\u00fc\u00e7 fakt\u00f6r\u00fc d\u00fczeltmesi i\u00e7in tasarlanm\u0131\u015ft\u0131r. Direk tipi, duvar tipi, \u015falt tipi ve metal muhafazal\u0131 olmak \u00fczere \u00fcr\u00fcnlerimiz mevcuttur. Harici ve dahili olarak kullan\u0131labilirler. <\/p>\n\n\n\n<p><strong>\u015ealt Tipi Harici Bank<\/strong>:<\/p>\n\n\n\n<p>&#8211; 36 kV Gerilim seviyesine uygun<br>&#8211; 12-24-48 Adet Kondansat\u00f6r s\u0131\u011facak b\u00fcy\u00fckl\u00fckte<br>&#8211; 1200-10000 kVAr aral\u0131\u011f\u0131nda<br>&#8211; ETF Tip Patlarl\u0131 Sigortal\u0131,<br>&#8211; Dengesizlik Ak\u0131m trafosu ba\u011flanabilir. \u0130ste\u011fe ba\u011fl\u0131 olarak de\u015farj bobinli ve parafudrlu yap\u0131labilir.<br>&#8211; S\u0131cak dald\u0131rma galvanizli \u00c7elik karkas <\/p>\n<\/div>\n\n\n\n<div class=\"wp-block-column is-layout-flow\">\n<figure class=\"wp-block-image size-large\"><img decoding=\"async\" loading=\"lazy\" width=\"800\" height=\"600\" src=\"https:\/\/begelelektrik.com\/tr\/wp-content\/uploads\/2019\/12\/ortagerilim.jpg\" alt=\"\" class=\"wp-image-106\" srcset=\"https:\/\/www.begelelektrik.com\/tr\/wp-content\/uploads\/2019\/12\/ortagerilim.jpg 800w, https:\/\/www.begelelektrik.com\/tr\/wp-content\/uploads\/2019\/12\/ortagerilim-300x225.jpg 300w, https:\/\/www.begelelektrik.com\/tr\/wp-content\/uploads\/2019\/12\/ortagerilim-768x576.jpg 768w\" sizes=\"(max-width: 800px) 100vw, 800px\" \/><\/figure>\n<\/div>\n<\/div>\n","protected":false},"excerpt":{"rendered":"<p>\u00dcr\u00fcn Kodu:\u00a0KAP01 \u00dcretici:\u00a0BEGEL ENERJ\u0130 Detaylar Orta gerilim kapasit\u00f6r bataryalar\u0131 End\u00fcstri, elektrik \u015febekelerinde 36kV\u2019ya kadar g\u00fc\u00e7 fakt\u00f6r\u00fc d\u00fczeltmesi i\u00e7in tasarlanm\u0131\u015ft\u0131r. Direk tipi, duvar tipi, \u015falt tipi ve metal muhafazal\u0131 olmak \u00fczere \u00fcr\u00fcnlerimiz mevcuttur. Harici ve dahili olarak kullan\u0131labilirler. \u015ealt Tipi Harici Bank: &#8211; 36 kV Gerilim seviyesine uygun&#8211; 12-24-48 Adet Kondansat\u00f6r s\u0131\u011facak b\u00fcy\u00fckl\u00fckte&#8211; 1200-10000 kVAr aral\u0131\u011f\u0131nda&#8211; [&hellip;]<\/p>\n","protected":false},"author":1,"featured_media":0,"parent":0,"menu_order":0,"comment_status":"closed","ping_status":"closed","template":"","meta":[],"_links":{"self":[{"href":"https:\/\/www.begelelektrik.com\/tr\/wp-json\/wp\/v2\/pages\/103"}],"collection":[{"href":"https:\/\/www.begelelektrik.com\/tr\/wp-json\/wp\/v2\/pages"}],"about":[{"href":"https:\/\/www.begelelektrik.com\/tr\/wp-json\/wp\/v2\/types\/page"}],"author":[{"embeddable":true,"href":"https:\/\/www.begelelektrik.com\/tr\/wp-json\/wp\/v2\/users\/1"}],"replies":[{"embeddable":true,"href":"https:\/\/www.begelelektrik.com\/tr\/wp-json\/wp\/v2\/comments?post=103"}],"version-history":[{"count":6,"href":"https:\/\/www.begelelektrik.com\/tr\/wp-json\/wp\/v2\/pages\/103\/revisions"}],"predecessor-version":[{"id":110,"href":"https:\/\/www.begelelektrik.com\/tr\/wp-json\/wp\/v2\/pages\/103\/revisions\/110"}],"wp:attachment":[{"href":"https:\/\/www.begelelektrik.com\/tr\/wp-json\/wp\/v2\/media?parent=103"}],"curies":[{"name":"wp","href":"https:\/\/api.w.org\/{rel}","templated":true}]}}