{"id":111,"date":"2019-12-05T12:04:18","date_gmt":"2019-12-05T09:04:18","guid":{"rendered":"https:\/\/begelelektrik.com\/tr\/?page_id=111"},"modified":"2019-12-05T12:04:18","modified_gmt":"2019-12-05T09:04:18","slug":"proje-ve-muhendislik","status":"publish","type":"page","link":"https:\/\/www.begelelektrik.com\/tr\/proje-ve-muhendislik\/","title":{"rendered":"PROJE VE M\u00dcHEND\u0130SL\u0130K"},"content":{"rendered":"\n<div class=\"wp-block-columns is-layout-flex wp-container-3\">\n<div class=\"wp-block-column is-layout-flow\">\n<p>M\u00fc\u015fterilerimizin proje talepleri; saha ve lokasyon baz\u0131nda optimum \u00e7\u00f6z\u00fcmlerle, kaliteli ve ekonomik projeler olarak ger\u00e7ekle\u015ftirilmektedir.<\/p>\n\n\n\n<p>Uzman kadromuz, projelerimizde m\u00fc\u015fteri taleplerine g\u00f6re \u00f6zel tasar\u0131m uygulamalar ger\u00e7ekle\u015ftirilmektedir. Verdi\u011fimiz hizmet ile projelere \u00f6zg\u00fc yap\u0131lan bu \u00f6zel tasar\u0131mlar sayesinde, farkl\u0131 uygulama ve projelerin sahaya uygulanabilmesi sa\u011flanmaktad\u0131r.<\/p>\n<\/div>\n\n\n\n<div class=\"wp-block-column is-layout-flow\">\n<figure class=\"wp-block-image size-large\"><img decoding=\"async\" loading=\"lazy\" width=\"490\" height=\"250\" src=\"https:\/\/begelelektrik.com\/tr\/wp-content\/uploads\/2019\/12\/projemuhendislik2.png\" alt=\"\" class=\"wp-image-114\" srcset=\"https:\/\/www.begelelektrik.com\/tr\/wp-content\/uploads\/2019\/12\/projemuhendislik2.png 490w, https:\/\/www.begelelektrik.com\/tr\/wp-content\/uploads\/2019\/12\/projemuhendislik2-300x153.png 300w\" sizes=\"(max-width: 490px) 100vw, 490px\" \/><\/figure>\n<\/div>\n<\/div>\n\n\n\n<div class=\"wp-block-columns is-layout-flex wp-container-6\">\n<div class=\"wp-block-column is-layout-flow\">\n<figure class=\"wp-block-image size-large\"><img decoding=\"async\" loading=\"lazy\" width=\"490\" height=\"250\" src=\"https:\/\/begelelektrik.com\/tr\/wp-content\/uploads\/2019\/12\/projemuhendislik.png\" alt=\"\" class=\"wp-image-112\" srcset=\"https:\/\/www.begelelektrik.com\/tr\/wp-content\/uploads\/2019\/12\/projemuhendislik.png 490w, https:\/\/www.begelelektrik.com\/tr\/wp-content\/uploads\/2019\/12\/projemuhendislik-300x153.png 300w\" sizes=\"(max-width: 490px) 100vw, 490px\" \/><\/figure>\n<\/div>\n\n\n\n<div class=\"wp-block-column is-layout-flow\">\n<h3 class=\"wp-block-heading\">M\u00fchendislik ve Projelendirme A\u015famalar\u0131<\/h3>\n\n\n\n<p>\u2022 Sahan\u0131n yerle\u015fimi ve sistem tasar\u0131m\u0131 \u00e7izimlerinin yap\u0131lmas\u0131<br>\u2022 M\u00fchendislik hesaplar\u0131 ve teknik verilerin haz\u0131rlanmas\u0131<br>\u2022 Haftal\u0131k bazda i\u015f ak\u0131\u015f program\u0131n\u0131n haz\u0131rlanmas\u0131<br>\u2022 Montaj ve yap\u0131m a\u015famalar\u0131 hakk\u0131nda detayl\u0131 bilgilendirme<br>\u2022 Kullan\u0131lacak malzemelerin teknik veri \u00f6zelliklerinin detayland\u0131r\u0131lmas\u0131<br>\u2022 Lokasyon bazl\u0131 y\u0131ll\u0131k \u00fcretim de\u011ferlerinin sim\u00fclasyonlar\u0131n\u0131n haz\u0131rlanmas\u0131<br>\u2022 \u00d6zel m\u00fc\u015fteri taleplerinin projeye entegrasyonunun ger\u00e7ekle\u015ftirilmesi<\/p>\n<\/div>\n<\/div>\n","protected":false},"excerpt":{"rendered":"<p>M\u00fc\u015fterilerimizin proje talepleri; saha ve lokasyon baz\u0131nda optimum \u00e7\u00f6z\u00fcmlerle, kaliteli ve ekonomik projeler olarak ger\u00e7ekle\u015ftirilmektedir. Uzman kadromuz, projelerimizde m\u00fc\u015fteri taleplerine g\u00f6re \u00f6zel tasar\u0131m uygulamalar ger\u00e7ekle\u015ftirilmektedir. Verdi\u011fimiz hizmet ile projelere \u00f6zg\u00fc yap\u0131lan bu \u00f6zel tasar\u0131mlar sayesinde, farkl\u0131 uygulama ve projelerin sahaya uygulanabilmesi sa\u011flanmaktad\u0131r. M\u00fchendislik ve Projelendirme A\u015famalar\u0131 \u2022 Sahan\u0131n yerle\u015fimi ve sistem tasar\u0131m\u0131 \u00e7izimlerinin yap\u0131lmas\u0131\u2022 M\u00fchendislik [&hellip;]<\/p>\n","protected":false},"author":1,"featured_media":0,"parent":0,"menu_order":0,"comment_status":"closed","ping_status":"closed","template":"","meta":[],"_links":{"self":[{"href":"https:\/\/www.begelelektrik.com\/tr\/wp-json\/wp\/v2\/pages\/111"}],"collection":[{"href":"https:\/\/www.begelelektrik.com\/tr\/wp-json\/wp\/v2\/pages"}],"about":[{"href":"https:\/\/www.begelelektrik.com\/tr\/wp-json\/wp\/v2\/types\/page"}],"author":[{"embeddable":true,"href":"https:\/\/www.begelelektrik.com\/tr\/wp-json\/wp\/v2\/users\/1"}],"replies":[{"embeddable":true,"href":"https:\/\/www.begelelektrik.com\/tr\/wp-json\/wp\/v2\/comments?post=111"}],"version-history":[{"count":2,"href":"https:\/\/www.begelelektrik.com\/tr\/wp-json\/wp\/v2\/pages\/111\/revisions"}],"predecessor-version":[{"id":115,"href":"https:\/\/www.begelelektrik.com\/tr\/wp-json\/wp\/v2\/pages\/111\/revisions\/115"}],"wp:attachment":[{"href":"https:\/\/www.begelelektrik.com\/tr\/wp-json\/wp\/v2\/media?parent=111"}],"curies":[{"name":"wp","href":"https:\/\/api.w.org\/{rel}","templated":true}]}}