{"id":116,"date":"2019-12-05T12:07:30","date_gmt":"2019-12-05T09:07:30","guid":{"rendered":"https:\/\/begelelektrik.com\/tr\/?page_id=116"},"modified":"2019-12-05T13:01:26","modified_gmt":"2019-12-05T10:01:26","slug":"danismanlik","status":"publish","type":"page","link":"https:\/\/www.begelelektrik.com\/tr\/danismanlik\/","title":{"rendered":"DANI\u015eMANLIK"},"content":{"rendered":"\n<div class=\"wp-block-columns is-layout-flex wp-container-3\">\n<div class=\"wp-block-column is-layout-flow\">\n<p>M\u00fc\u015fterilerimizden gelen proje dan\u0131\u015fmanl\u0131\u011f\u0131 talepleri do\u011frultusunda uzman kadromuz, bu taleplere en uygun \u00e7\u00f6z\u00fcmleri bulmaktad\u0131r. Uzman kadromuz, \u00e7al\u0131\u015fmalar\u0131n\u0131 optimize \u00e7\u00f6z\u00fcmler \u00fczerinde tamamlayarak, fizibilite ve amortisman tablosunun da bulundu\u011fu bir sunum haz\u0131rlamaktad\u0131r. <\/p>\n<\/div>\n\n\n\n<div class=\"wp-block-column is-layout-flow\">\n<figure class=\"wp-block-image size-large\"><img decoding=\"async\" loading=\"lazy\" width=\"490\" height=\"250\" src=\"https:\/\/begelelektrik.com\/tr\/wp-content\/uploads\/2019\/12\/danismanlik.png\" alt=\"\" class=\"wp-image-117\" srcset=\"https:\/\/www.begelelektrik.com\/tr\/wp-content\/uploads\/2019\/12\/danismanlik.png 490w, https:\/\/www.begelelektrik.com\/tr\/wp-content\/uploads\/2019\/12\/danismanlik-300x153.png 300w\" sizes=\"(max-width: 490px) 100vw, 490px\" \/><\/figure>\n<\/div>\n<\/div>\n\n\n\n<div class=\"wp-block-columns is-layout-flex wp-container-6\">\n<div class=\"wp-block-column is-layout-flow\">\n<figure class=\"wp-block-image size-large\"><img decoding=\"async\" loading=\"lazy\" width=\"490\" height=\"250\" src=\"https:\/\/begelelektrik.com\/tr\/wp-content\/uploads\/2019\/12\/danismanlik-2.png\" alt=\"\" class=\"wp-image-118\" srcset=\"https:\/\/www.begelelektrik.com\/tr\/wp-content\/uploads\/2019\/12\/danismanlik-2.png 490w, https:\/\/www.begelelektrik.com\/tr\/wp-content\/uploads\/2019\/12\/danismanlik-2-300x153.png 300w\" sizes=\"(max-width: 490px) 100vw, 490px\" \/><\/figure>\n<\/div>\n\n\n\n<div class=\"wp-block-column is-layout-flow\">\n<h3 class=\"wp-block-heading\">Dan\u0131\u015fmanl\u0131k \u00e7\u00f6z\u00fcmlerimiz<\/h3>\n\n\n\n<p>\u2022 Yat\u0131r\u0131m\u0131n amortisman s\u00fcresinin planlanmas\u0131<br>\u2022 Sahan\u0131n teknik altyap\u0131 ve fizibilite \u00e7al\u0131\u015fmalar\u0131n\u0131n ger\u00e7ekle\u015ftirilmesi<br>\u2022 Projenin yasal s\u00fcreci ve haklar konusunda m\u00fc\u015fterilerin bilgilendirmesi<br>\u2022 Projenin yasal s\u00fcre\u00e7 ve mevzuatlara g\u00f6re olu\u015fturulmas\u0131<\/p>\n<\/div>\n<\/div>\n","protected":false},"excerpt":{"rendered":"<p>M\u00fc\u015fterilerimizden gelen proje dan\u0131\u015fmanl\u0131\u011f\u0131 talepleri do\u011frultusunda uzman kadromuz, bu taleplere en uygun \u00e7\u00f6z\u00fcmleri bulmaktad\u0131r. Uzman kadromuz, \u00e7al\u0131\u015fmalar\u0131n\u0131 optimize \u00e7\u00f6z\u00fcmler \u00fczerinde tamamlayarak, fizibilite ve amortisman tablosunun da bulundu\u011fu bir sunum haz\u0131rlamaktad\u0131r. Dan\u0131\u015fmanl\u0131k \u00e7\u00f6z\u00fcmlerimiz \u2022 Yat\u0131r\u0131m\u0131n amortisman s\u00fcresinin planlanmas\u0131\u2022 Sahan\u0131n teknik altyap\u0131 ve fizibilite \u00e7al\u0131\u015fmalar\u0131n\u0131n ger\u00e7ekle\u015ftirilmesi\u2022 Projenin yasal s\u00fcreci ve haklar konusunda m\u00fc\u015fterilerin bilgilendirmesi\u2022 Projenin yasal s\u00fcre\u00e7 [&hellip;]<\/p>\n","protected":false},"author":1,"featured_media":0,"parent":0,"menu_order":0,"comment_status":"closed","ping_status":"closed","template":"","meta":[],"_links":{"self":[{"href":"https:\/\/www.begelelektrik.com\/tr\/wp-json\/wp\/v2\/pages\/116"}],"collection":[{"href":"https:\/\/www.begelelektrik.com\/tr\/wp-json\/wp\/v2\/pages"}],"about":[{"href":"https:\/\/www.begelelektrik.com\/tr\/wp-json\/wp\/v2\/types\/page"}],"author":[{"embeddable":true,"href":"https:\/\/www.begelelektrik.com\/tr\/wp-json\/wp\/v2\/users\/1"}],"replies":[{"embeddable":true,"href":"https:\/\/www.begelelektrik.com\/tr\/wp-json\/wp\/v2\/comments?post=116"}],"version-history":[{"count":3,"href":"https:\/\/www.begelelektrik.com\/tr\/wp-json\/wp\/v2\/pages\/116\/revisions"}],"predecessor-version":[{"id":160,"href":"https:\/\/www.begelelektrik.com\/tr\/wp-json\/wp\/v2\/pages\/116\/revisions\/160"}],"wp:attachment":[{"href":"https:\/\/www.begelelektrik.com\/tr\/wp-json\/wp\/v2\/media?parent=116"}],"curies":[{"name":"wp","href":"https:\/\/api.w.org\/{rel}","templated":true}]}}