{"id":121,"date":"2019-12-05T12:10:27","date_gmt":"2019-12-05T09:10:27","guid":{"rendered":"https:\/\/begelelektrik.com\/tr\/?page_id=121"},"modified":"2019-12-05T12:10:27","modified_gmt":"2019-12-05T09:10:27","slug":"satin-alma-tedarik","status":"publish","type":"page","link":"https:\/\/www.begelelektrik.com\/tr\/satin-alma-tedarik\/","title":{"rendered":"SATIN ALMA TEDAR\u0130K"},"content":{"rendered":"\n<div class=\"wp-block-columns is-layout-flex wp-container-3\">\n<div class=\"wp-block-column is-layout-flow\">\n<p>Finans sa\u011flay\u0131c\u0131 kurulu\u015fun talep edece\u011fi fizibilite ve teknik veriler haz\u0131rlanmaktad\u0131r. Ard\u0131ndan amortisman s\u00fcreleri, sahan\u0131n sigortalanmas\u0131 ve kredilendirme s\u00fcre\u00e7leri hakk\u0131nda haz\u0131rlanan bilgilendirme hizmeti m\u00fc\u015fterilerimize sunulmaktad\u0131r.<\/p>\n\n\n\n<p>M\u00fc\u015fterilerimizin talepleri do\u011frultusunda, projenin finans\u0131 ile ilgili olarak anla\u015fmal\u0131 oldu\u011fumuz finans sa\u011flay\u0131c\u0131lar\u0131ndan da \u00e7\u00f6z\u00fcmler sunulmaktad\u0131r.<br><\/p>\n<\/div>\n\n\n\n<div class=\"wp-block-column is-layout-flow\">\n<figure class=\"wp-block-image size-large\"><img decoding=\"async\" loading=\"lazy\" width=\"490\" height=\"250\" src=\"https:\/\/begelelektrik.com\/tr\/wp-content\/uploads\/2019\/12\/finans.png\" alt=\"\" class=\"wp-image-122\" srcset=\"https:\/\/www.begelelektrik.com\/tr\/wp-content\/uploads\/2019\/12\/finans.png 490w, https:\/\/www.begelelektrik.com\/tr\/wp-content\/uploads\/2019\/12\/finans-300x153.png 300w\" sizes=\"(max-width: 490px) 100vw, 490px\" \/><\/figure>\n<\/div>\n<\/div>\n","protected":false},"excerpt":{"rendered":"<p>Finans sa\u011flay\u0131c\u0131 kurulu\u015fun talep edece\u011fi fizibilite ve teknik veriler haz\u0131rlanmaktad\u0131r. Ard\u0131ndan amortisman s\u00fcreleri, sahan\u0131n sigortalanmas\u0131 ve kredilendirme s\u00fcre\u00e7leri hakk\u0131nda haz\u0131rlanan bilgilendirme hizmeti m\u00fc\u015fterilerimize sunulmaktad\u0131r. M\u00fc\u015fterilerimizin talepleri do\u011frultusunda, projenin finans\u0131 ile ilgili olarak anla\u015fmal\u0131 oldu\u011fumuz finans sa\u011flay\u0131c\u0131lar\u0131ndan da \u00e7\u00f6z\u00fcmler sunulmaktad\u0131r.<\/p>\n","protected":false},"author":1,"featured_media":0,"parent":0,"menu_order":0,"comment_status":"closed","ping_status":"closed","template":"","meta":[],"_links":{"self":[{"href":"https:\/\/www.begelelektrik.com\/tr\/wp-json\/wp\/v2\/pages\/121"}],"collection":[{"href":"https:\/\/www.begelelektrik.com\/tr\/wp-json\/wp\/v2\/pages"}],"about":[{"href":"https:\/\/www.begelelektrik.com\/tr\/wp-json\/wp\/v2\/types\/page"}],"author":[{"embeddable":true,"href":"https:\/\/www.begelelektrik.com\/tr\/wp-json\/wp\/v2\/users\/1"}],"replies":[{"embeddable":true,"href":"https:\/\/www.begelelektrik.com\/tr\/wp-json\/wp\/v2\/comments?post=121"}],"version-history":[{"count":1,"href":"https:\/\/www.begelelektrik.com\/tr\/wp-json\/wp\/v2\/pages\/121\/revisions"}],"predecessor-version":[{"id":123,"href":"https:\/\/www.begelelektrik.com\/tr\/wp-json\/wp\/v2\/pages\/121\/revisions\/123"}],"wp:attachment":[{"href":"https:\/\/www.begelelektrik.com\/tr\/wp-json\/wp\/v2\/media?parent=121"}],"curies":[{"name":"wp","href":"https:\/\/api.w.org\/{rel}","templated":true}]}}