{"id":124,"date":"2019-12-05T12:20:44","date_gmt":"2019-12-05T09:20:44","guid":{"rendered":"https:\/\/begelelektrik.com\/tr\/?page_id=124"},"modified":"2019-12-05T12:20:44","modified_gmt":"2019-12-05T09:20:44","slug":"enerji-insaat","status":"publish","type":"page","link":"https:\/\/www.begelelektrik.com\/tr\/enerji-insaat\/","title":{"rendered":"ENERJ\u0130-\u0130N\u015eAAT"},"content":{"rendered":"\n<div class=\"wp-block-columns is-layout-flex wp-container-3\">\n<div class=\"wp-block-column is-layout-flow\">\n<p>Mekanik tesisat i\u015flerinin b\u00fct\u00fcn alanlar\u0131nda projelendirme ve uygulama hizmetleri vermekteyiz. Uygulama hizmetleri dahilinde m\u00fc\u015fterilerimizin ihtiyac\u0131 olan malzemeleride kendi sorumlulu\u011fumuz alt\u0131nda temin ediyve t\u00fcm proje s\u00fcresince her t\u00fcrl\u00fc teknik hizmeti kaliteli bir bi\u00e7imde vermeyi ilke edinmi\u015f bulunuyoruz.<\/p>\n\n\n\n<p>Mekanik tesisat projelendirme, m\u00fc\u015favirlik veya kontrol i\u015fi yapan m\u00fchendisler ya\u015fanabilir yap\u0131lar i\u00e7in a\u015fa\u011f\u0131da belirtilen noktalar\u0131 sa\u011flayabilmelidir.<\/p>\n<\/div>\n\n\n\n<div class=\"wp-block-column is-layout-flow\">\n<figure class=\"wp-block-image size-large\"><img decoding=\"async\" loading=\"lazy\" width=\"500\" height=\"200\" src=\"https:\/\/begelelektrik.com\/tr\/wp-content\/uploads\/2019\/12\/insaat-4.jpg\" alt=\"\" class=\"wp-image-133\" srcset=\"https:\/\/www.begelelektrik.com\/tr\/wp-content\/uploads\/2019\/12\/insaat-4.jpg 500w, https:\/\/www.begelelektrik.com\/tr\/wp-content\/uploads\/2019\/12\/insaat-4-300x120.jpg 300w\" sizes=\"(max-width: 500px) 100vw, 500px\" \/><\/figure>\n<\/div>\n<\/div>\n","protected":false},"excerpt":{"rendered":"<p>Mekanik tesisat i\u015flerinin b\u00fct\u00fcn alanlar\u0131nda projelendirme ve uygulama hizmetleri vermekteyiz. Uygulama hizmetleri dahilinde m\u00fc\u015fterilerimizin ihtiyac\u0131 olan malzemeleride kendi sorumlulu\u011fumuz alt\u0131nda temin ediyve t\u00fcm proje s\u00fcresince her t\u00fcrl\u00fc teknik hizmeti kaliteli bir bi\u00e7imde vermeyi ilke edinmi\u015f bulunuyoruz. Mekanik tesisat projelendirme, m\u00fc\u015favirlik veya kontrol i\u015fi yapan m\u00fchendisler ya\u015fanabilir yap\u0131lar i\u00e7in a\u015fa\u011f\u0131da belirtilen noktalar\u0131 sa\u011flayabilmelidir.<\/p>\n","protected":false},"author":1,"featured_media":0,"parent":0,"menu_order":0,"comment_status":"closed","ping_status":"closed","template":"","meta":[],"_links":{"self":[{"href":"https:\/\/www.begelelektrik.com\/tr\/wp-json\/wp\/v2\/pages\/124"}],"collection":[{"href":"https:\/\/www.begelelektrik.com\/tr\/wp-json\/wp\/v2\/pages"}],"about":[{"href":"https:\/\/www.begelelektrik.com\/tr\/wp-json\/wp\/v2\/types\/page"}],"author":[{"embeddable":true,"href":"https:\/\/www.begelelektrik.com\/tr\/wp-json\/wp\/v2\/users\/1"}],"replies":[{"embeddable":true,"href":"https:\/\/www.begelelektrik.com\/tr\/wp-json\/wp\/v2\/comments?post=124"}],"version-history":[{"count":6,"href":"https:\/\/www.begelelektrik.com\/tr\/wp-json\/wp\/v2\/pages\/124\/revisions"}],"predecessor-version":[{"id":135,"href":"https:\/\/www.begelelektrik.com\/tr\/wp-json\/wp\/v2\/pages\/124\/revisions\/135"}],"wp:attachment":[{"href":"https:\/\/www.begelelektrik.com\/tr\/wp-json\/wp\/v2\/media?parent=124"}],"curies":[{"name":"wp","href":"https:\/\/api.w.org\/{rel}","templated":true}]}}