{"id":13,"date":"2019-12-05T10:06:30","date_gmt":"2019-12-05T07:06:30","guid":{"rendered":"https:\/\/begelelektrik.com\/tr\/?page_id=13"},"modified":"2023-04-03T15:46:47","modified_gmt":"2023-04-03T12:46:47","slug":"iletisim","status":"publish","type":"page","link":"https:\/\/www.begelelektrik.com\/tr\/iletisim\/","title":{"rendered":"\u0130LET\u0130\u015e\u0130M"},"content":{"rendered":"\n<br><div class=\"row\">\n                            \t<div class=\"col-xs-12 col-sm-3\"> \n                                \t<div class=\"contact-block-2\">  \n                                    \t<span class=\"border-shape-top\"><\/span>                       \n \t\t\t\t\t\t        \t\t<span><i class=\"fa fa-map-marker\"><\/i><\/span>\n                                        <h4>Adresimiz<\/h4>\n                                        <p> Aziziye Mahallesi K\u0131rkp\u0131nar Sokak 14-8 \u00c7ankaya\/ANKARA \n<\/p>\n                                        <span class=\"border-shape-bot\"><\/span>\n                                \t<\/div><!-- end contact-block-2 -->\n                                <\/div><!-- end columns -->\n                                \n                                <div class=\"col-xs-12 col-sm-3\"> \n                                \t<div class=\"contact-block-2\">   \n                                    \t<span class=\"border-shape-top\"><\/span>                      \n \t\t\t\t\t\t        \t\t<span><i class=\"fa fa-envelope\"><\/i><\/span>\n                                        <h4>E-mail<\/h4>\n                                        <p> info@begelenergy.com<br>\n sales@begelenergy.com <\/p>\n                                        <span class=\"border-shape-bot\"><\/span>\n                                \t<\/div><!-- end contact-block-2 -->\n                                <\/div><!-- end columns -->\n                                \n                                <div class=\"col-xs-12 col-sm-3\"> \n                                \t<div class=\"contact-block-2\">          \n                                    \t<span class=\"border-shape-top\"><\/span>               \n \t\t\t\t\t\t        \t\t<span><i class=\"fa fa-phone\"><\/i><\/span>\n                                        <h4>Telefon<\/h4>\n                                        <p>+90(312) 428 76 70  <br>  +90(312) 428 76 80<\/p>\n                                        <span class=\"border-shape-bot\"><\/span>\n                                \t<\/div><!-- end contact-block-2 -->\n                                <\/div><!-- end columns -->\n<div class=\"col-xs-12 col-sm-3\"> \n                                \t<div class=\"contact-block-2\">   \n                                    \t<span class=\"border-shape-top\"><\/span>                      \n \t\t\t\t\t\t        \t\t<span><i class=\"fa fa-fax\"><\/i><\/span>\n                                        <h4>Fax<\/h4>\n                                        <p>  0(312) 428 76 80 <\/p>\n                                        <span class=\"border-shape-bot\"><\/span>\n                                \t<\/div><!-- end contact-block-2 -->\n                                <\/div><!-- end columns -->\n                            <\/div>\n<br><br>\n\n\n\n<iframe loading=\"lazy\" src=\"https:\/\/www.google.com\/maps\/embed?pb=!1m18!1m12!1m3!1d765.3066210383441!2d32.85319111099104!3d39.891561231418486!2m3!1f0!2f0!3f0!3m2!1i1024!2i768!4f13.1!3m3!1m2!1s0x14d34f789d14e8f3%3A0xdb64152fe826facf!2zQXppeml5ZSwgS8SxcmtwxLFuYXIgU2suIE5vOjE0LCAwNjY5MCDDh2Fua2F5YS9BbmthcmE!5e0!3m2!1str!2str!4v1575529545364!5m2!1str!2str\" width=\"100%\" height=\"300\" frameborder=\"0\" syle=\"border:0;\" allowfullscreen=\"\"><\/iframe>\n","protected":false},"excerpt":{"rendered":"<p>Adresimiz Aziziye Mahallesi K\u0131rkp\u0131nar Sokak 14-8 \u00c7ankaya\/ANKARA E-mail info@begelenergy.com sales@begelenergy.com Telefon +90(312) 428 76 70 +90(312) 428 76 80 Fax 0(312) 428 76 80<\/p>\n","protected":false},"author":1,"featured_media":0,"parent":0,"menu_order":0,"comment_status":"closed","ping_status":"closed","template":"","meta":[],"_links":{"self":[{"href":"https:\/\/www.begelelektrik.com\/tr\/wp-json\/wp\/v2\/pages\/13"}],"collection":[{"href":"https:\/\/www.begelelektrik.com\/tr\/wp-json\/wp\/v2\/pages"}],"about":[{"href":"https:\/\/www.begelelektrik.com\/tr\/wp-json\/wp\/v2\/types\/page"}],"author":[{"embeddable":true,"href":"https:\/\/www.begelelektrik.com\/tr\/wp-json\/wp\/v2\/users\/1"}],"replies":[{"embeddable":true,"href":"https:\/\/www.begelelektrik.com\/tr\/wp-json\/wp\/v2\/comments?post=13"}],"version-history":[{"count":11,"href":"https:\/\/www.begelelektrik.com\/tr\/wp-json\/wp\/v2\/pages\/13\/revisions"}],"predecessor-version":[{"id":235,"href":"https:\/\/www.begelelektrik.com\/tr\/wp-json\/wp\/v2\/pages\/13\/revisions\/235"}],"wp:attachment":[{"href":"https:\/\/www.begelelektrik.com\/tr\/wp-json\/wp\/v2\/media?parent=13"}],"curies":[{"name":"wp","href":"https:\/\/api.w.org\/{rel}","templated":true}]}}