{"id":136,"date":"2019-12-05T12:42:34","date_gmt":"2019-12-05T09:42:34","guid":{"rendered":"https:\/\/begelelektrik.com\/tr\/?page_id=136"},"modified":"2019-12-05T12:42:34","modified_gmt":"2019-12-05T09:42:34","slug":"enerji-verimliligi","status":"publish","type":"page","link":"https:\/\/www.begelelektrik.com\/tr\/enerji-verimliligi\/","title":{"rendered":"ENERJ\u0130 VER\u0130ML\u0130L\u0130\u011e\u0130"},"content":{"rendered":"\n<div class=\"wp-block-columns is-layout-flex wp-container-3\">\n<div class=\"wp-block-column is-layout-flow\">\n<p>Enerji Verimlili\u011fi Hizmetlerimizle enerji maliyetlerinizi azaltmak i\u00e7in kullan\u0131yoruz. Enerji verimlili\u011fi alan\u0131nda sundu\u011fumuz hizmetler ile tesislerinizde t\u00fcketti\u011finiz enerjiyi \u00fcretimden ve\/veya konfordan \u00f6d\u00fcn vermeden d\u00fc\u015f\u00fcrmek i\u00e7in sizlerin yan\u0131n\u0131zday\u0131z.<\/p>\n\n\n\n<p>Sanayi Tesisleri, Ticari Binalar ve Mesken Tipi Binalar kategorilerinde Enerji ve Tabi Kaynaklar Bakanl\u0131\u011f\u0131-Yenilenebilir Enerji Genel M\u00fcd\u00fcrl\u00fc\u011f\u00fc\u2019nden ald\u0131\u011f\u0131m\u0131z yetki ve deneyimli m\u00fchendis kadromuzla sizlere enerji verimlili\u011fi \u00e7\u00f6z\u00fcmleri sunmakta ve talepleriniz do\u011frultusunda \u00e7\u00f6z\u00fcmlerimizin uygulamalar\u0131 ile fark yaratmaktay\u0131z.<\/p>\n<\/div>\n\n\n\n<div class=\"wp-block-column is-layout-flow\">\n<figure class=\"wp-block-image size-large\"><img decoding=\"async\" loading=\"lazy\" width=\"500\" height=\"250\" src=\"https:\/\/begelelektrik.com\/tr\/wp-content\/uploads\/2019\/12\/enerji-2.jpg\" alt=\"\" class=\"wp-image-148\" srcset=\"https:\/\/www.begelelektrik.com\/tr\/wp-content\/uploads\/2019\/12\/enerji-2.jpg 500w, https:\/\/www.begelelektrik.com\/tr\/wp-content\/uploads\/2019\/12\/enerji-2-300x150.jpg 300w\" sizes=\"(max-width: 500px) 100vw, 500px\" \/><\/figure>\n<\/div>\n<\/div>\n","protected":false},"excerpt":{"rendered":"<p>Enerji Verimlili\u011fi Hizmetlerimizle enerji maliyetlerinizi azaltmak i\u00e7in kullan\u0131yoruz. Enerji verimlili\u011fi alan\u0131nda sundu\u011fumuz hizmetler ile tesislerinizde t\u00fcketti\u011finiz enerjiyi \u00fcretimden ve\/veya konfordan \u00f6d\u00fcn vermeden d\u00fc\u015f\u00fcrmek i\u00e7in sizlerin yan\u0131n\u0131zday\u0131z. Sanayi Tesisleri, Ticari Binalar ve Mesken Tipi Binalar kategorilerinde Enerji ve Tabi Kaynaklar Bakanl\u0131\u011f\u0131-Yenilenebilir Enerji Genel M\u00fcd\u00fcrl\u00fc\u011f\u00fc\u2019nden ald\u0131\u011f\u0131m\u0131z yetki ve deneyimli m\u00fchendis kadromuzla sizlere enerji verimlili\u011fi \u00e7\u00f6z\u00fcmleri sunmakta ve [&hellip;]<\/p>\n","protected":false},"author":1,"featured_media":0,"parent":0,"menu_order":0,"comment_status":"closed","ping_status":"closed","template":"","meta":[],"_links":{"self":[{"href":"https:\/\/www.begelelektrik.com\/tr\/wp-json\/wp\/v2\/pages\/136"}],"collection":[{"href":"https:\/\/www.begelelektrik.com\/tr\/wp-json\/wp\/v2\/pages"}],"about":[{"href":"https:\/\/www.begelelektrik.com\/tr\/wp-json\/wp\/v2\/types\/page"}],"author":[{"embeddable":true,"href":"https:\/\/www.begelelektrik.com\/tr\/wp-json\/wp\/v2\/users\/1"}],"replies":[{"embeddable":true,"href":"https:\/\/www.begelelektrik.com\/tr\/wp-json\/wp\/v2\/comments?post=136"}],"version-history":[{"count":8,"href":"https:\/\/www.begelelektrik.com\/tr\/wp-json\/wp\/v2\/pages\/136\/revisions"}],"predecessor-version":[{"id":150,"href":"https:\/\/www.begelelektrik.com\/tr\/wp-json\/wp\/v2\/pages\/136\/revisions\/150"}],"wp:attachment":[{"href":"https:\/\/www.begelelektrik.com\/tr\/wp-json\/wp\/v2\/media?parent=136"}],"curies":[{"name":"wp","href":"https:\/\/api.w.org\/{rel}","templated":true}]}}