{"id":151,"date":"2019-12-05T12:45:39","date_gmt":"2019-12-05T09:45:39","guid":{"rendered":"https:\/\/begelelektrik.com\/tr\/?page_id=151"},"modified":"2019-12-05T12:45:39","modified_gmt":"2019-12-05T09:45:39","slug":"enerji-hizmetleri","status":"publish","type":"page","link":"https:\/\/www.begelelektrik.com\/tr\/enerji-hizmetleri\/","title":{"rendered":"ENERJ\u0130 H\u0130ZMETLER\u0130"},"content":{"rendered":"\n<div class=\"wp-block-columns is-layout-flex wp-container-3\">\n<div class=\"wp-block-column is-layout-flow\">\n<p>Do\u011fru enerji y\u00f6netimi izlemek ile ba\u015flar. Enerji t\u00fcketen sistemleri ve bu sistemlerin t\u00fcketimlerini etkileyen fakt\u00f6rleri izleyip sonu\u00e7 \u00e7\u0131karmak ve s\u00fcrekli iyile\u015ftirme \u00e7al\u0131\u015fmalar\u0131na destek sa\u011flamak i\u00e7in&nbsp;<strong>\u201cEnerji \u0130zleme Sistemlerinin\u201d<\/strong>&nbsp;kurulmas\u0131 bir ihtiya\u00e7t\u0131r.<\/p>\n\n\n\n<p>Enerji \u0130zleme Sistemi, tesisinizde elektrik, yak\u0131t, su, s\u0131cak su, buhar, bas\u0131n\u00e7l\u0131 hava gibi t\u00fcm t\u00fcketimleri ve bu t\u00fcketimlerin de\u011fi\u015fimine neden olabilecek s\u0131cakl\u0131k, nem ve \u00fcretim adedi gibi t\u00fcm parametrelerin diledi\u011finiz yerden ger\u00e7ek zamanl\u0131 izlenip, kay\u0131t alt\u0131na al\u0131n\u0131p, istenildi\u011fi zaman raporlanmas\u0131n\u0131 sa\u011flayan sistemimizdir.<\/p>\n<\/div>\n\n\n\n<div class=\"wp-block-column is-layout-flow\">\n<figure class=\"wp-block-image size-large\"><img decoding=\"async\" loading=\"lazy\" width=\"751\" height=\"408\" src=\"https:\/\/begelelektrik.com\/tr\/wp-content\/uploads\/2019\/12\/enerjihizmeti.jpg\" alt=\"\" class=\"wp-image-152\" srcset=\"https:\/\/www.begelelektrik.com\/tr\/wp-content\/uploads\/2019\/12\/enerjihizmeti.jpg 751w, https:\/\/www.begelelektrik.com\/tr\/wp-content\/uploads\/2019\/12\/enerjihizmeti-300x163.jpg 300w\" sizes=\"(max-width: 751px) 100vw, 751px\" \/><\/figure>\n<\/div>\n<\/div>\n","protected":false},"excerpt":{"rendered":"<p>Do\u011fru enerji y\u00f6netimi izlemek ile ba\u015flar. Enerji t\u00fcketen sistemleri ve bu sistemlerin t\u00fcketimlerini etkileyen fakt\u00f6rleri izleyip sonu\u00e7 \u00e7\u0131karmak ve s\u00fcrekli iyile\u015ftirme \u00e7al\u0131\u015fmalar\u0131na destek sa\u011flamak i\u00e7in&nbsp;\u201cEnerji \u0130zleme Sistemlerinin\u201d&nbsp;kurulmas\u0131 bir ihtiya\u00e7t\u0131r. Enerji \u0130zleme Sistemi, tesisinizde elektrik, yak\u0131t, su, s\u0131cak su, buhar, bas\u0131n\u00e7l\u0131 hava gibi t\u00fcm t\u00fcketimleri ve bu t\u00fcketimlerin de\u011fi\u015fimine neden olabilecek s\u0131cakl\u0131k, nem ve \u00fcretim adedi [&hellip;]<\/p>\n","protected":false},"author":1,"featured_media":0,"parent":0,"menu_order":0,"comment_status":"closed","ping_status":"closed","template":"","meta":[],"_links":{"self":[{"href":"https:\/\/www.begelelektrik.com\/tr\/wp-json\/wp\/v2\/pages\/151"}],"collection":[{"href":"https:\/\/www.begelelektrik.com\/tr\/wp-json\/wp\/v2\/pages"}],"about":[{"href":"https:\/\/www.begelelektrik.com\/tr\/wp-json\/wp\/v2\/types\/page"}],"author":[{"embeddable":true,"href":"https:\/\/www.begelelektrik.com\/tr\/wp-json\/wp\/v2\/users\/1"}],"replies":[{"embeddable":true,"href":"https:\/\/www.begelelektrik.com\/tr\/wp-json\/wp\/v2\/comments?post=151"}],"version-history":[{"count":1,"href":"https:\/\/www.begelelektrik.com\/tr\/wp-json\/wp\/v2\/pages\/151\/revisions"}],"predecessor-version":[{"id":153,"href":"https:\/\/www.begelelektrik.com\/tr\/wp-json\/wp\/v2\/pages\/151\/revisions\/153"}],"wp:attachment":[{"href":"https:\/\/www.begelelektrik.com\/tr\/wp-json\/wp\/v2\/media?parent=151"}],"curies":[{"name":"wp","href":"https:\/\/api.w.org\/{rel}","templated":true}]}}