{"id":16,"date":"2019-12-05T10:08:06","date_gmt":"2019-12-05T07:08:06","guid":{"rendered":"https:\/\/begelelektrik.com\/tr\/?page_id=16"},"modified":"2023-04-03T15:34:24","modified_gmt":"2023-04-03T12:34:24","slug":"kurumsal","status":"publish","type":"page","link":"https:\/\/www.begelelektrik.com\/tr\/kurumsal\/","title":{"rendered":"KURUMSAL"},"content":{"rendered":"\n<p>Begel Enerji T\u00fcrkiye , Kuzey Afrika, Ortado\u011fu , Uzakdo\u011fu Rusya Federasyonu ve BDT \u00fclkelerinde bir\u00e7ok \u00a0prestijli i\u015flere imza atm\u0131\u015ft\u0131r. \u00d6zellikle Do\u011falgaz Kombine \u00c7evrim santralleri, demir-\u00e7elik sekt\u00f6r\u00fc ve prestijli yap\u0131larda zaman\u0131ndan \u00f6nce projeleri bitirerek\u00a0 d\u00fcnya \u00e7ap\u0131nda\u00a0 aran\u0131lan firmalar\u0131ndan biri haline gelmi\u015ftir. BEGEL Enerji&#8217;nin en b\u00fcy\u00fck avantaj\u0131 Asya &#8211; Avrupa ve Uzakdo\u011fuda i\u015f yapabilme kapasitesidir. BEGEL ENERJ\u0130 ayn\u0131 zamanda b\u00fcy\u00fcyen sekt\u00f6r\u00fcn yeti\u015fmi\u015f insan g\u00fcc\u00fcn\u00fc haz\u0131rlamak i\u00e7in \u00e7e\u015fitli \u00fcst d\u00fczey e\u011fitim programlar\u0131 d\u00fczenleyerek sekt\u00f6r\u00fcn hak etti\u011fi yere gelmesine \u00e7al\u0131\u015fmaktad\u0131r . \u00d6zellikle kurucu orta\u011f\u0131m\u0131z Bar\u0131\u015f G\u00dcRB\u00dcZ T\u00fcrkiye elektromekanik sekt\u00f6r\u00fcne birbirinden ilgin\u00e7 y\u00fcksek \u00a0teknoloji uygulamalar\u0131 ve sistemleri kazand\u0131rm\u0131\u015ft\u0131r. Bunlardan baz\u0131lar\u0131 T\u00fcrkiye&#8217;nin ilk IEC 61850 haberle\u015fmeli \u015fehir \u015febekesi 2010 y\u0131l\u0131nda Karab\u00fckte devreye girmi\u015f , gene T\u00fcrkiyen&#8217;nin ilk ark flash korumal\u0131 primer da\u011f\u0131t\u0131m merkezi de ba\u015far\u0131 ile kurulmu\u015ftur . \u00d6zellikle g\u00fc\u00e7 kalitesi konular\u0131nda , gerek izleme ve kontrol , gerekse Orta Gerilim Harmonik Filtreli Kompanzasyon Tesisleri ve \u00fclkemize yeni kazand\u0131r\u0131lan Magnetik Kontroll\u00fc \u015e\u00f6nt Reakt\u00f6r ( MCR ) sistemlerini ba\u015far\u0131yla projelendirmi\u015f ve \u00fclke ekonomisine kazand\u0131rm\u0131\u015ft\u0131r. G\u00fc\u00e7 Kalitesi ile ilgili her t\u00fcrl\u00fc probleminiz i\u00e7in her probleme \u00f6zg\u00fc \u00e7\u00f6z\u00fcm y\u00f6ntemlerimiz mevcuttur. Uzmanl\u0131k alanlar\u0131m\u0131z k\u0131saca:<\/p>\n\n\n\n<p>1. Trafo Merkezleri anahtar teslimyap\u0131m\u0131 ve &nbsp;projelendirme( in\u015faat, mekanik, elektrik( primer-sekonder, ve otomasyon-SCADA \u00e7\u00f6z\u00fcmleri : 500-380-220-154-110 -66 kV&nbsp;<\/p>\n\n\n\n<p>2. Enerji \u0130letim ve Da\u011f\u0131t\u0131m Hatlar\u0131 yap\u0131m\u0131 ve &nbsp;projelendirme&nbsp;<\/p>\n\n\n\n<p>3.\u015eehir \u015eebekesi YG-AG &nbsp;yap\u0131m\u0131, &nbsp;Projelendirme , y\u00fck ak\u0131\u015f\u0131 , k\u0131sa devre et\u00fctleri, r\u00f6le koordinasyonu, Co\u011frafi Bilgi Sistemleri ve SCADA entegrasyonu, primer te\u00e7hizat test ve devreye alma, &nbsp;primer ve sekonder detay proje haz\u0131rlanmas\u0131&nbsp;<\/p>\n\n\n\n<p>4. Hidroelektrik santral , R\u00fczgar ve G\u00fcne\u015f santralleri kurulumu, projelendirme, test ve devreye al\u0131nmas\u0131 ve bak\u0131m\u0131&nbsp;<\/p>\n\n\n\n<p>5. G\u00fc\u00e7 Kalitesi \u00c7\u00f6z\u00fcmleri ( enerji izleme ve kontrol, harmonik filtreli YG-AG Kompanzasyon , Statik Var Kompansat\u00f6r, Magnetik Kontroll\u00fc \u015e\u00f6nt Reakt\u00f6r, Trsit\u00f6r Kontroll\u00fc Trafo , v.b gibi )&nbsp;<\/p>\n\n\n\n<p>6. End\u00fcstriyel tesisler elektrik ve otomasyon sistemleri kurulumu, projelendirme ve dan\u0131\u015fmanl\u0131k hizmetleri.<\/p>\n\n\n\n<p>7. Makine ve Proses Otomasyonu ( SIMATIC ailesi, GE FANUC , Allen Bradley PLC ve SCADA programlanmas\u0131 )&nbsp;<\/p>\n\n\n\n<p>8. M\u00fc\u015fteriye \u00f6zel ARGE \u00e7\u00f6z\u00fcmleri&nbsp;<br><br>9. Elektrik G\u00fc\u00e7 Sistemleri Yaz\u0131l\u0131m\u0131 www.easypower.com<br><br>10. Y\u00fcksek Gerilim R\u00f6le ve Kumanda Panolar\u0131.&nbsp;<\/p>\n","protected":false},"excerpt":{"rendered":"<p>Begel Enerji T\u00fcrkiye , Kuzey Afrika, Ortado\u011fu , Uzakdo\u011fu Rusya Federasyonu ve BDT \u00fclkelerinde bir\u00e7ok \u00a0prestijli i\u015flere imza atm\u0131\u015ft\u0131r. \u00d6zellikle Do\u011falgaz Kombine \u00c7evrim santralleri, demir-\u00e7elik sekt\u00f6r\u00fc ve prestijli yap\u0131larda zaman\u0131ndan \u00f6nce projeleri bitirerek\u00a0 d\u00fcnya \u00e7ap\u0131nda\u00a0 aran\u0131lan firmalar\u0131ndan biri haline gelmi\u015ftir. BEGEL Enerji&#8217;nin en b\u00fcy\u00fck avantaj\u0131 Asya &#8211; Avrupa ve Uzakdo\u011fuda i\u015f yapabilme kapasitesidir. BEGEL ENERJ\u0130 [&hellip;]<\/p>\n","protected":false},"author":1,"featured_media":0,"parent":0,"menu_order":0,"comment_status":"closed","ping_status":"closed","template":"","meta":[],"_links":{"self":[{"href":"https:\/\/www.begelelektrik.com\/tr\/wp-json\/wp\/v2\/pages\/16"}],"collection":[{"href":"https:\/\/www.begelelektrik.com\/tr\/wp-json\/wp\/v2\/pages"}],"about":[{"href":"https:\/\/www.begelelektrik.com\/tr\/wp-json\/wp\/v2\/types\/page"}],"author":[{"embeddable":true,"href":"https:\/\/www.begelelektrik.com\/tr\/wp-json\/wp\/v2\/users\/1"}],"replies":[{"embeddable":true,"href":"https:\/\/www.begelelektrik.com\/tr\/wp-json\/wp\/v2\/comments?post=16"}],"version-history":[{"count":8,"href":"https:\/\/www.begelelektrik.com\/tr\/wp-json\/wp\/v2\/pages\/16\/revisions"}],"predecessor-version":[{"id":232,"href":"https:\/\/www.begelelektrik.com\/tr\/wp-json\/wp\/v2\/pages\/16\/revisions\/232"}],"wp:attachment":[{"href":"https:\/\/www.begelelektrik.com\/tr\/wp-json\/wp\/v2\/media?parent=16"}],"curies":[{"name":"wp","href":"https:\/\/api.w.org\/{rel}","templated":true}]}}