{"id":24,"date":"2019-12-05T10:11:59","date_gmt":"2019-12-05T07:11:59","guid":{"rendered":"https:\/\/begelelektrik.com\/tr\/?page_id=24"},"modified":"2019-12-06T11:28:13","modified_gmt":"2019-12-06T08:28:13","slug":"referanslarimiz","status":"publish","type":"page","link":"https:\/\/www.begelelektrik.com\/tr\/referanslarimiz\/","title":{"rendered":"REFERANSLARIMIZ"},"content":{"rendered":"\n<div class=\"rl-gallery-container rl-loading\" id=\"rl-gallery-container-1\" data-gallery_id=\"185\"> <div class=\"rl-gallery rl-basicgrid-gallery \" id=\"rl-gallery-1\" data-gallery_no=\"1\"> <div class=\"rl-gallery-item\"><a href=\"https:\/\/www.begelelektrik.com\/tr\/wp-content\/uploads\/2019\/12\/uedas.jpg\" title=\"\" data-rl_title=\"\" class=\"rl-gallery-link\" data-rl_caption=\"\" data-rel=\"lightbox-gallery-1\"><img src=\"https:\/\/www.begelelektrik.com\/tr\/wp-content\/uploads\/2019\/12\/uedas.jpg\" width=\"664\" height=\"380\" alt=\"\" \/><\/a><\/div><div class=\"rl-gallery-item\"><a href=\"https:\/\/www.begelelektrik.com\/tr\/wp-content\/uploads\/2020\/07\/tki.png\" title=\"\" data-rl_title=\"\" class=\"rl-gallery-link\" data-rl_caption=\"\" data-rel=\"lightbox-gallery-1\"><img src=\"https:\/\/www.begelelektrik.com\/tr\/wp-content\/uploads\/2020\/07\/tki.png\" width=\"512\" height=\"512\" alt=\"\" \/><\/a><\/div><div class=\"rl-gallery-item\"><a href=\"https:\/\/www.begelelektrik.com\/tr\/wp-content\/uploads\/2019\/12\/teias1.jpg\" title=\"\" data-rl_title=\"\" class=\"rl-gallery-link\" data-rl_caption=\"\" data-rel=\"lightbox-gallery-1\"><img src=\"https:\/\/www.begelelektrik.com\/tr\/wp-content\/uploads\/2019\/12\/teias1.jpg\" width=\"400\" height=\"400\" alt=\"\" \/><\/a><\/div><div class=\"rl-gallery-item\"><a href=\"https:\/\/www.begelelektrik.com\/tr\/wp-content\/uploads\/2019\/12\/euas-1.jpg\" title=\"\" data-rl_title=\"\" class=\"rl-gallery-link\" data-rl_caption=\"\" data-rel=\"lightbox-gallery-1\"><img src=\"https:\/\/www.begelelektrik.com\/tr\/wp-content\/uploads\/2019\/12\/euas-1.jpg\" width=\"737\" height=\"416\" alt=\"\" \/><\/a><\/div><div class=\"rl-gallery-item\"><a href=\"https:\/\/www.begelelektrik.com\/tr\/wp-content\/uploads\/2019\/12\/celiker.png\" title=\"\" data-rl_title=\"\" class=\"rl-gallery-link\" data-rl_caption=\"\" data-rel=\"lightbox-gallery-1\"><img src=\"https:\/\/www.begelelektrik.com\/tr\/wp-content\/uploads\/2019\/12\/celiker.png\" width=\"270\" height=\"248\" alt=\"\" \/><\/a><\/div><div class=\"rl-gallery-item\"><a href=\"https:\/\/www.begelelektrik.com\/tr\/wp-content\/uploads\/2019\/12\/akdenizelektrikdagitim.jpg\" title=\"\" data-rl_title=\"\" class=\"rl-gallery-link\" data-rl_caption=\"\" data-rel=\"lightbox-gallery-1\"><img src=\"https:\/\/www.begelelektrik.com\/tr\/wp-content\/uploads\/2019\/12\/akdenizelektrikdagitim.jpg\" width=\"512\" height=\"512\" alt=\"\" \/><\/a><\/div><div class=\"rl-gallery-item\"><a href=\"https:\/\/www.begelelektrik.com\/tr\/wp-content\/uploads\/2019\/12\/baskent.png\" title=\"\" data-rl_title=\"\" class=\"rl-gallery-link\" data-rl_caption=\"\" data-rel=\"lightbox-gallery-1\"><img src=\"https:\/\/www.begelelektrik.com\/tr\/wp-content\/uploads\/2019\/12\/baskent.png\" width=\"400\" height=\"400\" alt=\"\" \/><\/a><\/div><div class=\"rl-gallery-item\"><a href=\"https:\/\/www.begelelektrik.com\/tr\/wp-content\/uploads\/2019\/12\/yedas.png\" title=\"\" data-rl_title=\"\" class=\"rl-gallery-link\" data-rl_caption=\"\" data-rel=\"lightbox-gallery-1\"><img src=\"https:\/\/www.begelelektrik.com\/tr\/wp-content\/uploads\/2019\/12\/yedas.png\" width=\"554\" height=\"554\" alt=\"\" \/><\/a><\/div><div class=\"rl-gallery-item\"><a href=\"https:\/\/www.begelelektrik.com\/tr\/wp-content\/uploads\/2019\/12\/calikenerji-1.png\" title=\"\" data-rl_title=\"\" class=\"rl-gallery-link\" data-rl_caption=\"\" data-rel=\"lightbox-gallery-1\"><img src=\"https:\/\/www.begelelektrik.com\/tr\/wp-content\/uploads\/2019\/12\/calikenerji-1.png\" width=\"626\" height=\"626\" alt=\"\" \/><\/a><\/div><div class=\"rl-gallery-item\"><a href=\"https:\/\/www.begelelektrik.com\/tr\/wp-content\/uploads\/2023\/04\/botas.png\" title=\"\" data-rl_title=\"\" class=\"rl-gallery-link\" data-rl_caption=\"\" data-rel=\"lightbox-gallery-1\"><img src=\"https:\/\/www.begelelektrik.com\/tr\/wp-content\/uploads\/2023\/04\/botas.png\" width=\"200\" height=\"200\" alt=\"\" \/><\/a><\/div> <\/div> <\/div>\n\n\n\n<ol><li>2019: Birecik Nizip Hes \u0130\u015fletme M\u00fcd\u00fcrl\u00fc\u011f\u00fc \u0130htiyac\u0131 Ak\u0131m ve Gerilim Trafolar\u0131 ile Saya\u00e7 De\u011fi\u015fimi Projesi<\/li><li>2018 : \u00c7EL\u0130KLER HOLD\u0130NG PAMUK\u00d6REN JEOTERMAL SANTRAL\u0130 154kV \u015ealt Sahas\u0131 \u0130n\u015faat \u0130\u015flerinin Yap\u0131lmas\u0131<\/li><li>2018 TE\u0130A\u015e 12. B\u00d6LGE 37 ADET 170 kV ve 5 adet 420 kV Ay\u0131r\u0131c\u0131lar\u0131n Demonte Edilip Yerine Motorlu Ay\u0131r\u0131c\u0131lar\u0131n Montaj\u0131n Yap\u0131lmas\u0131<\/li><li>2017 AMBARLI FUEL OIL VE DGK\u00c7B \u0130\u015eLETME M\u00dcD\u00dcRL\u00dc\u011e\u00dc E\u00dcA\u015e : \u0130stanbul TS-B 1-2-3 \u00dcnitelerinin Ana Kumanda Odas\u0131nda Bulunan Sultanmurat-1-2, \u0130kitelli-3-4 Hatlar\u0131n\u0131n Kumanda ve Koruma Sisteminin Yenilenmesi ,154kV \u015ealt Kumanda &nbsp;Odas\u0131n\u0131n Geni\u015fletilmesi, Yenilenmesi Yap\u0131m \u0130\u015fi :<\/li><li>2017 TE\u0130A\u015e 11.B\u00d6LGE &nbsp;: SORGUN 154\/33 kV TRAFO MERKEZ\u0130 YAPIMI: Elektrik- &nbsp;\u0130n\u015faat Projelerinin Yap\u0131lmas\u0131 , M\u00fc\u015favirlik Hizmetleri<\/li><li>2017 TE\u0130A\u015e 11.B\u00d6LGE&nbsp;: \u015eARKI\u015eLA 154\/33 kV TRAFO MERKEZ\u0130 YAPIMI: Elektrik-\u0130n\u015faat Projelerinin Yap\u0131lmas\u0131 , M\u00fc\u015favirlik Hizmetleri<\/li><li>2017 TEA\u0130\u015e 18.B\u00d6LGE : &nbsp;CEYHAN-1, CEYHAN-2, KOZAN TRAFO MERKEZ\u0130 YAPIMI : Elektrik-\u0130n\u015faat Projelerinin Yap\u0131lmas\u0131 , M\u00fc\u015favirlik Hizmetleri<\/li><li>2016 TE\u0130A\u015e 11.B\u00d6LGE: Kayseri Kapasit\u00f6r Anansiyat\u00f6r Panosunun Yap\u0131lmas\u0131 , Test ve Devreye Al\u0131nmas\u0131<\/li><li>2016 TE\u0130A\u015e : DER\u0130NKUYU 154\/33kV TRAFO MERKEZ\u0130 2 adet 154kV \u00dcRG\u00dcP-1 ve \u00dcRG\u00dcP-2 HAT F\u0130DER\u0130 Yap\u0131lmas\u0131<\/li><li>2016 TE\u0130A\u015e G\u00d6NEN 154\/33 kV Trafo Merkezi 154kV Trafo koruma r\u00f6lelerinin de\u011fi\u015fimi, OG \u015ealt \u0130lavesi ve Muhtelif Bak\u0131m Onar\u0131m \u0130\u015fleri<\/li><li>2016 : T\u00dcRKMEN\u0130STAN &nbsp;SAHRA GURLU\u015eUK : 110\/35\/6kV : AKBUGDAY TRAFO MERKEZ\u0130 YAPIMI : &nbsp;<\/li><li>2015: T\u00dcRKMEN\u0130STAN YAKINDOST GRUP: 110\/10 kV GARRIKYARIZ TRAFO MERKEZ\u0130 YAPIMI<\/li><li>2015: T\u00dcRKMEN\u0130STAN YAKINDOST GRUP: 35\/10 kV G\u00dcLMA\u00c7 TRAFO MERKEZ\u0130 YAPIMI<\/li><li>2014: EASYPOWER AMER\u0130KA B\u0130RLE\u015e\u0130K DEVLETLER\u0130 G\u00dc\u00c7 S\u0130STEMLER\u0130 YAZILIMI T\u00dcRK\u0130YE ELEKTR\u0130K \u0130LET\u0130M VE DA\u011eITIM S\u0130STEM\u0130NE UYGULANMASI<\/li><li>2014: \u015eANLIURFA BOZOVA POMPAJ SULAMASI 2.KISIM \u015eEBEKE 1.\u00dcN\u0130TE 154\/33 kV KARACA TRAFO MERKEZ\u0130 ELEKTR\u0130K PR\u0130MER-SEKONDER VE \u0130N\u015eAAT PROJELER\u0130N\u0130N YAPIMI, S\u0130STEM KULLANIM VE BA\u011eLANTI ANTLA\u015eMASININ YAPILMASI &nbsp;VE M\u00dc\u015eAV\u0130RL\u0130K H\u0130ZMETLER\u0130<\/li><li>2014: \u00c7ALIK YEDA\u015e 16 adet Da\u011f\u0131t\u0131m Merkezinde Orta Gerilim 31.5 kV OTOMAT\u0130K KOMPANZASYON TES\u0130SLER\u0130, UZAKTAN \u0130ZLENMES\u0130 , RTU VE SCADA S\u0130STEMLER\u0130N\u0130N KURULUMU &nbsp;ANAHTAR TESL\u0130M YAPIMI \u0130\u015e\u0130 : 1 750 000 TL<\/li><li>2014: \u00c7ALIK ENERJ\u0130 T\u00dcRKMEN\u0130STAN AST-1 PROJES\u0130 12 ADET 110\/35\/10kV; 4 adet 220\/110\/35\/10 kV &nbsp;TRAFO MERKEZ\u0130 ELEKTR\u0130K- PR\u0130MER-SEKONDER PROJE YAPIMI<\/li><li>2014: \u00c7ALIK ENERJ\u0130 T\u00dcRKMEN\u0130STAN AST-1 PROJES\u0130 17 ADET 35\/10kV DA\u011eITIM TRAFO MERKEZ\u0130 ELEKTR\u0130K-PR\u0130MER \u2013SEKONDER, \u0130N\u015eAAT PROJE YAPIMI<\/li><li>2013: PROKON-MEGA: TCDD: AKSARAY \u2013ULUKI\u015eLA Y\u00dcKSEK HIZLI TREN PROJES\u0130 ELEKTR\u0130K-OTOMASYON-SCADA ANAHTAR TESL\u0130M UYGULAMA PROJES\u0130 YAPIMI<\/li><li>2013: PROKON-MEGA : S\u0130NCAN \u2013 TEMELL\u0130 OSB KARAYOLU PROJES\u0130 34.5 kV ENH DEPLASE PROJES\u0130 YAPIMI \u0130\u015e\u0130<\/li><li>2013: T\u00dcRKMEN\u0130STAN YAKINDOST F\u0130RMASI KAKHA 110\/35\/10 kV TRAFO MERKEZ\u0130 PR\u0130MER-SEKONDER- \u0130N\u015eAAT PROJELER\u0130N\u0130N YAPIMI &nbsp;VE SEKONDER S\u0130STEMLER\u0130N\u0130N ANAHTAR TESL\u0130M\u0130 KURULUMU<\/li><li>2013: \u00c7ALIK ENERJ\u0130 T\u00dcRKMEN\u0130STAN AST-1 PROJES\u0130 &nbsp; G\u00dc\u00c7 KAL\u0130TES\u0130 \u00d6L\u00c7\u00dcM S\u0130STEM\u0130 KURULMASI &nbsp;24 ADET TRAFO MERKEZ\u0130N\u0130N G\u00dc\u00c7 KAL\u0130TES\u0130N\u0130N \u00d6L\u00c7\u00dcM\u00dc VE RAPORLANMASI \u0130\u015e\u0130<\/li><li>2013: &nbsp;\u00c7ALIK YEDA\u015e ELEKTR\u0130K DA\u011eITIM TES\u0130SLER\u0130NDE TEKN\u0130K KAYIPLARIN HESABI VE AZALTILMASI Y\u00d6NTEMLER\u0130 E\u011e\u0130T\u0130M\u0130<\/li><li>2013: AKDEN\u0130Z EDA\u015e ELEKTR\u0130K DA\u011eITIM TES\u0130SLER\u0130NDE TEKN\u0130K KAYIPLARIN HESABI VE AZALTILMASI Y\u00d6NTEMLER\u0130 E\u011e\u0130T\u0130M\u0130<\/li><li>2013: ULUDA\u011e EDA\u015e ELEKTR\u0130K DA\u011eITIM TES\u0130SLER\u0130NDE TEKN\u0130K KAYIPLARIN HESABI VE AZALTILMASI Y\u00d6NTEMLER\u0130 E\u011e\u0130T\u0130M\u0130<\/li><li>2013: MUHTEL\u0130F TEST VE DEVREYE ALMA \u0130\u015eLEMLER\u0130&nbsp; 8 ADET TRAFO MERKEZ\u0130 T\u00dcRKMEN\u0130STAN M\u0130RAS COMPANY<\/li><li>2012: YEN\u0130LENEB\u0130L\u0130R ENERJ\u0130 KAYNAKLARININ DA\u011eITIM \u015e\u0130RKETLER\u0130NE BA\u011eLANTISININ KR\u0130TERLER\u0130N\u0130N BEL\u0130RLENMES\u0130 : ENERJ\u0130SA BA\u015eKENT EDA\u015e<\/li><li>2012: L\u0130SANSIZ ELEKTR\u0130K \u00dcRET\u0130M SANTRALLLER\u0130NE \u0130L\u0130\u015eK\u0130N BA\u011eLANTI US\u00dcL VE ESASLARI<\/li><\/ol>\n","protected":false},"excerpt":{"rendered":"<p>2019: Birecik Nizip Hes \u0130\u015fletme M\u00fcd\u00fcrl\u00fc\u011f\u00fc \u0130htiyac\u0131 Ak\u0131m ve Gerilim Trafolar\u0131 ile Saya\u00e7 De\u011fi\u015fimi Projesi 2018 : \u00c7EL\u0130KLER HOLD\u0130NG PAMUK\u00d6REN JEOTERMAL SANTRAL\u0130 154kV \u015ealt Sahas\u0131 \u0130n\u015faat \u0130\u015flerinin Yap\u0131lmas\u0131 2018 TE\u0130A\u015e 12. B\u00d6LGE 37 ADET 170 kV ve 5 adet 420 kV Ay\u0131r\u0131c\u0131lar\u0131n Demonte Edilip Yerine Motorlu Ay\u0131r\u0131c\u0131lar\u0131n Montaj\u0131n Yap\u0131lmas\u0131 2017 AMBARLI FUEL OIL VE DGK\u00c7B [&hellip;]<\/p>\n","protected":false},"author":1,"featured_media":0,"parent":0,"menu_order":0,"comment_status":"closed","ping_status":"closed","template":"","meta":[],"_links":{"self":[{"href":"https:\/\/www.begelelektrik.com\/tr\/wp-json\/wp\/v2\/pages\/24"}],"collection":[{"href":"https:\/\/www.begelelektrik.com\/tr\/wp-json\/wp\/v2\/pages"}],"about":[{"href":"https:\/\/www.begelelektrik.com\/tr\/wp-json\/wp\/v2\/types\/page"}],"author":[{"embeddable":true,"href":"https:\/\/www.begelelektrik.com\/tr\/wp-json\/wp\/v2\/users\/1"}],"replies":[{"embeddable":true,"href":"https:\/\/www.begelelektrik.com\/tr\/wp-json\/wp\/v2\/comments?post=24"}],"version-history":[{"count":4,"href":"https:\/\/www.begelelektrik.com\/tr\/wp-json\/wp\/v2\/pages\/24\/revisions"}],"predecessor-version":[{"id":206,"href":"https:\/\/www.begelelektrik.com\/tr\/wp-json\/wp\/v2\/pages\/24\/revisions\/206"}],"wp:attachment":[{"href":"https:\/\/www.begelelektrik.com\/tr\/wp-json\/wp\/v2\/media?parent=24"}],"curies":[{"name":"wp","href":"https:\/\/api.w.org\/{rel}","templated":true}]}}