{"id":246,"date":"2023-04-03T18:43:06","date_gmt":"2023-04-03T15:43:06","guid":{"rendered":"https:\/\/www.begelelektrik.com\/tr\/?page_id=246"},"modified":"2023-04-12T17:20:38","modified_gmt":"2023-04-12T14:20:38","slug":"trafo-sont-reaktor","status":"publish","type":"page","link":"https:\/\/www.begelelektrik.com\/tr\/trafo-sont-reaktor\/","title":{"rendered":"TRAFO &#038; \u015e\u00d6NT REAKT\u00d6R"},"content":{"rendered":"\n<p>Transformat\u00f6rler, elektrik enerjisini elektromanyetik ind\u00fcksiyon yoluyla iki veya daha fazla devre aras\u0131nda aktaran elektrikli cihazlard\u0131r.&nbsp;Kullan\u0131ma ba\u011fl\u0131 olarak bir\u00e7ok \u00e7e\u015fidi bulunmakta ve sistem gereksinimlerine g\u00f6re dizayn edilmektedir.<\/p>\n\n\n\n<p>Begel Enerji , transformat\u00f6rler konusunda bir\u00e7ok sekt\u00f6rel, teknik ve ticari uzmanl\u0131\u011fa sahiptir.\u00a0Bu kapsamda m\u00fc\u015fterilerimize sadece sat\u0131\u015f yap\u0131lmamaktad\u0131r.\u00a0M\u00fc\u015fterilerimize m\u00fckemmel teknik dan\u0131\u015fmanl\u0131k hizmetleri sunuyoruz.<\/p>\n\n\n\n<p class=\"has-black-color has-text-color\">Kullan\u0131m amac\u0131na g\u00f6re 6kV&#8217;tan 525kV&#8217;a kadar geni\u015f bir yelpazede m\u00fc\u015fterilerimize sunulmaktad\u0131r.<\/p>\n\n\n\n<p>\u00dcr\u00fcnler Sa\u011flamak<\/p>\n\n\n\n<ul class=\"has-black-color has-text-color\">\n<li>Koruyucu Tankl\u0131 Tip Ya\u011f Da\u011f\u0131t\u0131m Transformat\u00f6rleri<\/li>\n\n\n\n<li>Hermetik Contal\u0131 Tip Ya\u011f Da\u011f\u0131t\u0131m Transformat\u00f6rleri<\/li>\n\n\n\n<li>Topraklama Transformat\u00f6rleri<\/li>\n\n\n\n<li>Kuru Tip Transformat\u00f6rler<\/li>\n\n\n\n<li>G\u00fc\u00e7 transformat\u00f6rleri<\/li>\n\n\n\n<li>Otomatik Transformat\u00f6rler<\/li>\n\n\n\n<li>Ark Oca\u011f\u0131 Transformat\u00f6rleri<\/li>\n\n\n\n<li>\u015e\u00f6nt Reakt\u00f6rler<\/li>\n\n\n\n<li>Faz Kayd\u0131rmal\u0131 \u015e\u00f6nt Reakt\u00f6rler<\/li>\n\n\n\n<li>Reg\u00fclasyon Transformat\u00f6rleri<\/li>\n\n\n\n<li>Booster Transformat\u00f6rler Manyetik Kontroll\u00fc \u015e\u00f6nt Reakt\u00f6rler<\/li>\n\n\n\n<li>CER transformat\u00f6rleri<\/li>\n<\/ul>\n\n\n\n<p>Her t\u00fcrl\u00fc talep \u00fczerine m\u00fc\u015fterilerimizin taleplerine g\u00f6re \u00f6zel aksesuarlar, trafo izleme sistemleri, online ya\u011f analiz sistemleri, uzaktan kumanda panolar\u0131 (AVR, RTCC), Y\u00fckte\/Bo\u015fta kademe de\u011fi\u015ftirici (OLTC-NLTC) bulunmaktad\u0131r. vb. se\u00e7eneklerle sa\u011flan\u0131r.<\/p>\n\n\n\n<p>Ayr\u0131ca talep edilen montaj, ya\u011f ar\u0131tma, saha testleri, devreye alma konular\u0131nda hizmetlerimiz HAEM Energy kalite ve g\u00fcvencesi ile y\u00fcr\u00fct\u00fclmektedir.<\/p>\n","protected":false},"excerpt":{"rendered":"<p>Transformat\u00f6rler, elektrik enerjisini elektromanyetik ind\u00fcksiyon yoluyla iki veya daha fazla devre aras\u0131nda aktaran elektrikli cihazlard\u0131r.&nbsp;Kullan\u0131ma ba\u011fl\u0131 olarak bir\u00e7ok \u00e7e\u015fidi bulunmakta ve sistem gereksinimlerine g\u00f6re dizayn edilmektedir. Begel Enerji , transformat\u00f6rler konusunda bir\u00e7ok sekt\u00f6rel, teknik ve ticari uzmanl\u0131\u011fa sahiptir.\u00a0Bu kapsamda m\u00fc\u015fterilerimize sadece sat\u0131\u015f yap\u0131lmamaktad\u0131r.\u00a0M\u00fc\u015fterilerimize m\u00fckemmel teknik dan\u0131\u015fmanl\u0131k hizmetleri sunuyoruz. Kullan\u0131m amac\u0131na g\u00f6re 6kV&#8217;tan 525kV&#8217;a kadar geni\u015f [&hellip;]<\/p>\n","protected":false},"author":1,"featured_media":0,"parent":0,"menu_order":0,"comment_status":"closed","ping_status":"closed","template":"","meta":[],"_links":{"self":[{"href":"https:\/\/www.begelelektrik.com\/tr\/wp-json\/wp\/v2\/pages\/246"}],"collection":[{"href":"https:\/\/www.begelelektrik.com\/tr\/wp-json\/wp\/v2\/pages"}],"about":[{"href":"https:\/\/www.begelelektrik.com\/tr\/wp-json\/wp\/v2\/types\/page"}],"author":[{"embeddable":true,"href":"https:\/\/www.begelelektrik.com\/tr\/wp-json\/wp\/v2\/users\/1"}],"replies":[{"embeddable":true,"href":"https:\/\/www.begelelektrik.com\/tr\/wp-json\/wp\/v2\/comments?post=246"}],"version-history":[{"count":4,"href":"https:\/\/www.begelelektrik.com\/tr\/wp-json\/wp\/v2\/pages\/246\/revisions"}],"predecessor-version":[{"id":316,"href":"https:\/\/www.begelelektrik.com\/tr\/wp-json\/wp\/v2\/pages\/246\/revisions\/316"}],"wp:attachment":[{"href":"https:\/\/www.begelelektrik.com\/tr\/wp-json\/wp\/v2\/media?parent=246"}],"curies":[{"name":"wp","href":"https:\/\/api.w.org\/{rel}","templated":true}]}}