{"id":250,"date":"2023-04-03T18:45:01","date_gmt":"2023-04-03T15:45:01","guid":{"rendered":"https:\/\/www.begelelektrik.com\/tr\/?page_id=250"},"modified":"2023-04-03T18:45:01","modified_gmt":"2023-04-03T15:45:01","slug":"ayiricilar","status":"publish","type":"page","link":"https:\/\/www.begelelektrik.com\/tr\/ayiricilar\/","title":{"rendered":"AYIRICILAR"},"content":{"rendered":"\n<p><strong>Gerekli ekipmanlar ile kurulum hizmeti vermekteyiz.<\/strong><\/p>\n\n\n\n<p>Ay\u0131r\u0131c\u0131lar, y\u00fcks\u00fcz devrede a\u00e7ma kapama i\u015flemi yapabilen orta ve y\u00fcksek gerilim sistemleridir.<\/p>\n\n\n\n<p>BEGEL Enerji, \u015falt sahalar\u0131n\u0131 ay\u0131rmak i\u00e7in gerekli ekipmanlar\u0131n teminini sa\u011flayarak kurulum hizmetleri sunmaktad\u0131r.<\/p>\n","protected":false},"excerpt":{"rendered":"<p>Gerekli ekipmanlar ile kurulum hizmeti vermekteyiz. Ay\u0131r\u0131c\u0131lar, y\u00fcks\u00fcz devrede a\u00e7ma kapama i\u015flemi yapabilen orta ve y\u00fcksek gerilim sistemleridir. BEGEL Enerji, \u015falt sahalar\u0131n\u0131 ay\u0131rmak i\u00e7in gerekli ekipmanlar\u0131n teminini sa\u011flayarak kurulum hizmetleri sunmaktad\u0131r.<\/p>\n","protected":false},"author":1,"featured_media":0,"parent":0,"menu_order":0,"comment_status":"closed","ping_status":"closed","template":"","meta":[],"_links":{"self":[{"href":"https:\/\/www.begelelektrik.com\/tr\/wp-json\/wp\/v2\/pages\/250"}],"collection":[{"href":"https:\/\/www.begelelektrik.com\/tr\/wp-json\/wp\/v2\/pages"}],"about":[{"href":"https:\/\/www.begelelektrik.com\/tr\/wp-json\/wp\/v2\/types\/page"}],"author":[{"embeddable":true,"href":"https:\/\/www.begelelektrik.com\/tr\/wp-json\/wp\/v2\/users\/1"}],"replies":[{"embeddable":true,"href":"https:\/\/www.begelelektrik.com\/tr\/wp-json\/wp\/v2\/comments?post=250"}],"version-history":[{"count":1,"href":"https:\/\/www.begelelektrik.com\/tr\/wp-json\/wp\/v2\/pages\/250\/revisions"}],"predecessor-version":[{"id":251,"href":"https:\/\/www.begelelektrik.com\/tr\/wp-json\/wp\/v2\/pages\/250\/revisions\/251"}],"wp:attachment":[{"href":"https:\/\/www.begelelektrik.com\/tr\/wp-json\/wp\/v2\/media?parent=250"}],"curies":[{"name":"wp","href":"https:\/\/api.w.org\/{rel}","templated":true}]}}