{"id":252,"date":"2023-04-03T18:47:02","date_gmt":"2023-04-03T15:47:02","guid":{"rendered":"https:\/\/www.begelelektrik.com\/tr\/?page_id=252"},"modified":"2023-04-03T18:47:02","modified_gmt":"2023-04-03T15:47:02","slug":"akim-ve-gerilim-enstruman-transformatorleri","status":"publish","type":"page","link":"https:\/\/www.begelelektrik.com\/tr\/akim-ve-gerilim-enstruman-transformatorleri\/","title":{"rendered":"AKIM VE GER\u0130L\u0130M ENSTR\u00dcMAN TRANSFORMAT\u00d6RLER\u0130"},"content":{"rendered":"\n<p>Ak\u0131m veya gerilim \u00f6l\u00e7\u00fc trafolar\u0131, koruma, kontrol ve \u00f6l\u00e7\u00fcm te\u00e7hizat\u0131n\u0131 bir g\u00fc\u00e7 sisteminin y\u00fcksek gerilimlerinden izole etmek ve te\u00e7hizata uygun ak\u0131m ve gerilim de\u011ferleri ile beslemek i\u00e7in gereklidir.<\/p>\n\n\n\n<p>BEGEL ENERJ\u0130, sistemin do\u011fru \u00f6l\u00e7\u00fcmlerini yapar ve bu \u00f6l\u00e7\u00fcmlerin, koruma ve izleme sistemlerine aktar\u0131lan \u00e7er\u00e7eveye do\u011fru sinyal olmas\u0131 a\u00e7\u0131s\u0131ndan \u00f6nemini bilir.\u00a0Bu ama\u00e7la sistem gereksinimlerine g\u00f6re ak\u0131m ve gerilim trafolar\u0131 temin edebilmekte ve otomasyon-SCADA ve koruma ekipmanlar\u0131 ile do\u011fru ba\u011flant\u0131 i\u00e7in t\u00fcm sekonder devreler i\u00e7in m\u00fchendislik hizmetlerimizden yararlanabilirsiniz.<\/p>\n","protected":false},"excerpt":{"rendered":"<p>Ak\u0131m veya gerilim \u00f6l\u00e7\u00fc trafolar\u0131, koruma, kontrol ve \u00f6l\u00e7\u00fcm te\u00e7hizat\u0131n\u0131 bir g\u00fc\u00e7 sisteminin y\u00fcksek gerilimlerinden izole etmek ve te\u00e7hizata uygun ak\u0131m ve gerilim de\u011ferleri ile beslemek i\u00e7in gereklidir. BEGEL ENERJ\u0130, sistemin do\u011fru \u00f6l\u00e7\u00fcmlerini yapar ve bu \u00f6l\u00e7\u00fcmlerin, koruma ve izleme sistemlerine aktar\u0131lan \u00e7er\u00e7eveye do\u011fru sinyal olmas\u0131 a\u00e7\u0131s\u0131ndan \u00f6nemini bilir.\u00a0Bu ama\u00e7la sistem gereksinimlerine g\u00f6re ak\u0131m ve [&hellip;]<\/p>\n","protected":false},"author":1,"featured_media":0,"parent":0,"menu_order":0,"comment_status":"closed","ping_status":"closed","template":"","meta":[],"_links":{"self":[{"href":"https:\/\/www.begelelektrik.com\/tr\/wp-json\/wp\/v2\/pages\/252"}],"collection":[{"href":"https:\/\/www.begelelektrik.com\/tr\/wp-json\/wp\/v2\/pages"}],"about":[{"href":"https:\/\/www.begelelektrik.com\/tr\/wp-json\/wp\/v2\/types\/page"}],"author":[{"embeddable":true,"href":"https:\/\/www.begelelektrik.com\/tr\/wp-json\/wp\/v2\/users\/1"}],"replies":[{"embeddable":true,"href":"https:\/\/www.begelelektrik.com\/tr\/wp-json\/wp\/v2\/comments?post=252"}],"version-history":[{"count":1,"href":"https:\/\/www.begelelektrik.com\/tr\/wp-json\/wp\/v2\/pages\/252\/revisions"}],"predecessor-version":[{"id":253,"href":"https:\/\/www.begelelektrik.com\/tr\/wp-json\/wp\/v2\/pages\/252\/revisions\/253"}],"wp:attachment":[{"href":"https:\/\/www.begelelektrik.com\/tr\/wp-json\/wp\/v2\/media?parent=252"}],"curies":[{"name":"wp","href":"https:\/\/api.w.org\/{rel}","templated":true}]}}