{"id":256,"date":"2023-04-03T18:49:40","date_gmt":"2023-04-03T15:49:40","guid":{"rendered":"https:\/\/www.begelelektrik.com\/tr\/?page_id=256"},"modified":"2023-04-12T17:19:21","modified_gmt":"2023-04-12T14:19:21","slug":"moduler-kubik-rmu-metal-clad","status":"publish","type":"page","link":"https:\/\/www.begelelektrik.com\/tr\/moduler-kubik-rmu-metal-clad\/","title":{"rendered":"MOD\u00dcLER K\u00dcB\u0130K RMU METAL CLAD"},"content":{"rendered":"\n<p><strong>40,5 kV&#8217;a kadar uygun standartlara g\u00f6re \u00fcretilir<\/strong><\/p>\n\n\n\n<p>Mod\u00fcler H\u00fccreler, \u00f6zellikle primer ve sekonder hatlar\u0131n 36kV&#8217;a kadar olan gerilim seviyeleri ve da\u011f\u0131t\u0131m merkezi kompakt yap\u0131ya sahip h\u00fccrelerdir.&nbsp;Sistemin sa\u011fl\u0131kl\u0131 \u00e7al\u0131\u015fmas\u0131 ve i\u015f kazalar\u0131n\u0131n \u00f6nlenmesi i\u00e7in analiz edilerek uygun standartlara g\u00f6re \u00fcretilmektedir.&nbsp;Mod\u00fcler h\u00fccrelerde 40,5 kV&#8217;a kadar gerilim seviyesi tercih edilen ekipman \u015febekesidir.<\/p>\n\n\n\n<p>Begel Enerji, transformat\u00f6rler konusunda bir\u00e7ok sekt\u00f6rel, teknik ve ticari uzmanl\u0131\u011fa sahiptir.\u00a0Bu kapsamda m\u00fc\u015fterilerimize sadece sat\u0131\u015f yap\u0131lmamaktad\u0131r.\u00a0M\u00fc\u015fterilerimize m\u00fckemmel teknik dan\u0131\u015fmanl\u0131k hizmetleri sunuyoruz.<\/p>\n\n\n\n<p>Kullan\u0131m amac\u0131na g\u00f6re 6kV&#8217;tan 525kV&#8217;a kadar geni\u015f bir yelpazede m\u00fc\u015fterilerimize sunulmaktad\u0131r.<\/p>\n\n\n\n<p class=\"has-black-color has-text-color\">Mod\u00fcler K\u00fcbiklerin Kullan\u0131m Alanlar\u0131<\/p>\n\n\n\n<ul class=\"has-black-color has-text-color\">\n<li>Enerji \u00fcretim tesisleri<\/li>\n\n\n\n<li>Oteller, hastaneler, havaalanlar\u0131, al\u0131\u015fveri\u015f merkezleri, i\u015f merkezleri vb. sosyal alanlarda.<\/li>\n\n\n\n<li>Anahtarlama sistemleri kullan\u0131m\u0131 gibi trafo merkezleri<\/li>\n<\/ul>\n\n\n\n<p>&nbsp;Hava, SF6 gaz\u0131 ve Vakum \u00fcretim y\u00f6ntemlerine g\u00f6re yal\u0131t\u0131m.<\/p>\n\n\n\n<p>Koruma kullan\u0131m\u0131 i\u00e7in bir Metal Clad hat kesici ve RMU ve ikincil da\u011f\u0131t\u0131c\u0131 mod\u00fcler sistemler de bulunmaktad\u0131r.<\/p>\n\n\n\n<p>HAEM Enerji, ekipmanlar\u0131n temini ve montaj\u0131 i\u00e7in gerekli m\u00fchendislik \u00e7\u00f6z\u00fcmlerini \u00fcreterek, mod\u00fcler k\u00fcbikler, RMU ve Metal Clad ile birlikte tesis yap\u0131s\u0131 talep ve istekleri do\u011frultusunda \u00e7al\u0131\u015fmaktad\u0131r.<\/p>\n","protected":false},"excerpt":{"rendered":"<p>40,5 kV&#8217;a kadar uygun standartlara g\u00f6re \u00fcretilir Mod\u00fcler H\u00fccreler, \u00f6zellikle primer ve sekonder hatlar\u0131n 36kV&#8217;a kadar olan gerilim seviyeleri ve da\u011f\u0131t\u0131m merkezi kompakt yap\u0131ya sahip h\u00fccrelerdir.&nbsp;Sistemin sa\u011fl\u0131kl\u0131 \u00e7al\u0131\u015fmas\u0131 ve i\u015f kazalar\u0131n\u0131n \u00f6nlenmesi i\u00e7in analiz edilerek uygun standartlara g\u00f6re \u00fcretilmektedir.&nbsp;Mod\u00fcler h\u00fccrelerde 40,5 kV&#8217;a kadar gerilim seviyesi tercih edilen ekipman \u015febekesidir. Begel Enerji, transformat\u00f6rler konusunda bir\u00e7ok sekt\u00f6rel, [&hellip;]<\/p>\n","protected":false},"author":1,"featured_media":0,"parent":0,"menu_order":0,"comment_status":"closed","ping_status":"closed","template":"","meta":[],"_links":{"self":[{"href":"https:\/\/www.begelelektrik.com\/tr\/wp-json\/wp\/v2\/pages\/256"}],"collection":[{"href":"https:\/\/www.begelelektrik.com\/tr\/wp-json\/wp\/v2\/pages"}],"about":[{"href":"https:\/\/www.begelelektrik.com\/tr\/wp-json\/wp\/v2\/types\/page"}],"author":[{"embeddable":true,"href":"https:\/\/www.begelelektrik.com\/tr\/wp-json\/wp\/v2\/users\/1"}],"replies":[{"embeddable":true,"href":"https:\/\/www.begelelektrik.com\/tr\/wp-json\/wp\/v2\/comments?post=256"}],"version-history":[{"count":4,"href":"https:\/\/www.begelelektrik.com\/tr\/wp-json\/wp\/v2\/pages\/256\/revisions"}],"predecessor-version":[{"id":314,"href":"https:\/\/www.begelelektrik.com\/tr\/wp-json\/wp\/v2\/pages\/256\/revisions\/314"}],"wp:attachment":[{"href":"https:\/\/www.begelelektrik.com\/tr\/wp-json\/wp\/v2\/media?parent=256"}],"curies":[{"name":"wp","href":"https:\/\/api.w.org\/{rel}","templated":true}]}}