{"id":260,"date":"2023-04-03T18:51:08","date_gmt":"2023-04-03T15:51:08","guid":{"rendered":"https:\/\/www.begelelektrik.com\/tr\/?page_id=260"},"modified":"2023-04-12T16:53:24","modified_gmt":"2023-04-12T13:53:24","slug":"kontrol-koruma-role-panolari","status":"publish","type":"page","link":"https:\/\/www.begelelektrik.com\/tr\/kontrol-koruma-role-panolari\/","title":{"rendered":"KONTROL &#038; KORUMA R\u00d6LE PANOLARI"},"content":{"rendered":"\n<p><strong>IEC standartlar\u0131na, m\u00fc\u015fteri spesifikasyonlar\u0131na ve gereksinimlerine uygun olarak trafo merkezi kontrol koruma ve \u00f6l\u00e7\u00fcm ve otomasyon panolar\u0131 tasarlar, \u00fcretir, test eder ve teslim eder.<\/strong><\/p>\n\n\n\n<p>Haem Energy, enerji projeleri i\u00e7in trafo merkezi kontrol, koruma, \u00f6l\u00e7\u00fcm ve otomasyon sistemleri sunar.<\/p>\n\n\n\n<p>Sunulan t\u00fcm cihaz ve sistemler, elektrik trafo merkezleri ortam\u0131nda parazit ve sert s\u0131cakl\u0131klara kar\u015f\u0131 ba\u011f\u0131\u015f\u0131kt\u0131r ve ayr\u0131ca \u015falt sahas\u0131na do\u011frudan kurulum i\u00e7in uygundur.<\/p>\n\n\n\n<ul class=\"has-black-color has-text-color\">\n<li>Hizmetlerin depolanmas\u0131 ve nakliyesi s\u0131ras\u0131nda izin verilen s\u0131cakl\u0131k -40 oC ila +85 oC<\/li>\n\n\n\n<li>EMC testleri;&nbsp;ba\u011f\u0131\u015f\u0131kl\u0131k (Tip testleri): Standartlar IEC 60 225-22\n<ul>\n<li>Y\u00fcksek frekans<\/li>\n\n\n\n<li>Elektrostatik de\u015farj<\/li>\n\n\n\n<li>Radyo frekans\u0131 elektromanyetik alan\u0131 (mod\u00fclasyonsuz, genlik mod\u00fclasyonlu, darbe mod\u00fclasyonlu)<\/li>\n\n\n\n<li>h\u0131zl\u0131 ge\u00e7i\u015fler<\/li>\n\n\n\n<li>Genlik mod\u00fclasyonlu HF radyo frekans\u0131 alanlar\u0131n\u0131n neden oldu\u011fu iletilen parazitler.<\/li>\n\n\n\n<li>G\u00fc\u00e7 frekans\u0131 manyetik alan\u0131<\/li>\n<\/ul>\n<\/li>\n\n\n\n<li>EMC testleri;&nbsp;emisyon (tip testi) Standart EN 50081-2\n<ul>\n<li>Giri\u015fim alan\u0131 g\u00fcc\u00fc EN 55011, s\u0131n\u0131f A, 30 MHz ila 1000 Mhz.<\/li>\n\n\n\n<li>\u0130letilen giri\u015fim voltaj\u0131, yard\u0131mc\u0131.&nbsp;Voltaj CISPR 22, EN 55022 S\u0131n\u0131f B 150 kHZ &#8211; 30MHz.<\/li>\n<\/ul>\n<\/li>\n\n\n\n<li>Mekanik stres: \u00e7al\u0131\u015fma ve nakliye s\u0131ras\u0131nda itre\u015fim ve \u015fok.\n<ul>\n<li>Standartlar IEC 60 255-21 ve IEC 60068-2<\/li>\n<\/ul>\n<\/li>\n\n\n\n<li>Yal\u0131t\u0131m testi: standart IEC 60255-5\n<ul>\n<li>Y\u00fcksek voltaj testi (rutin test) 2kV (rms), 50Hz.<\/li>\n\n\n\n<li>Darbe gerilimi testi (tip testi) t\u00fcm devreler 5 kV (tepe noktas\u0131)<\/li>\n\n\n\n<li>Y\u00fcksek voltaj testi (rutin test) 2kV (rms), 50Hz.<\/li>\n\n\n\n<li>Darbe gerilimi testi (tip testi) t\u00fcm devreler 5 kV (tepe noktas\u0131)<\/li>\n<\/ul>\n<\/li>\n<\/ul>\n","protected":false},"excerpt":{"rendered":"<p>IEC standartlar\u0131na, m\u00fc\u015fteri spesifikasyonlar\u0131na ve gereksinimlerine uygun olarak trafo merkezi kontrol koruma ve \u00f6l\u00e7\u00fcm ve otomasyon panolar\u0131 tasarlar, \u00fcretir, test eder ve teslim eder. Haem Energy, enerji projeleri i\u00e7in trafo merkezi kontrol, koruma, \u00f6l\u00e7\u00fcm ve otomasyon sistemleri sunar. Sunulan t\u00fcm cihaz ve sistemler, elektrik trafo merkezleri ortam\u0131nda parazit ve sert s\u0131cakl\u0131klara kar\u015f\u0131 ba\u011f\u0131\u015f\u0131kt\u0131r ve ayr\u0131ca [&hellip;]<\/p>\n","protected":false},"author":1,"featured_media":0,"parent":0,"menu_order":0,"comment_status":"closed","ping_status":"closed","template":"","meta":[],"_links":{"self":[{"href":"https:\/\/www.begelelektrik.com\/tr\/wp-json\/wp\/v2\/pages\/260"}],"collection":[{"href":"https:\/\/www.begelelektrik.com\/tr\/wp-json\/wp\/v2\/pages"}],"about":[{"href":"https:\/\/www.begelelektrik.com\/tr\/wp-json\/wp\/v2\/types\/page"}],"author":[{"embeddable":true,"href":"https:\/\/www.begelelektrik.com\/tr\/wp-json\/wp\/v2\/users\/1"}],"replies":[{"embeddable":true,"href":"https:\/\/www.begelelektrik.com\/tr\/wp-json\/wp\/v2\/comments?post=260"}],"version-history":[{"count":2,"href":"https:\/\/www.begelelektrik.com\/tr\/wp-json\/wp\/v2\/pages\/260\/revisions"}],"predecessor-version":[{"id":311,"href":"https:\/\/www.begelelektrik.com\/tr\/wp-json\/wp\/v2\/pages\/260\/revisions\/311"}],"wp:attachment":[{"href":"https:\/\/www.begelelektrik.com\/tr\/wp-json\/wp\/v2\/media?parent=260"}],"curies":[{"name":"wp","href":"https:\/\/api.w.org\/{rel}","templated":true}]}}