{"id":262,"date":"2023-04-03T18:52:15","date_gmt":"2023-04-03T15:52:15","guid":{"rendered":"https:\/\/www.begelelektrik.com\/tr\/?page_id=262"},"modified":"2023-04-03T18:52:15","modified_gmt":"2023-04-03T15:52:15","slug":"monoblok-kosk","status":"publish","type":"page","link":"https:\/\/www.begelelektrik.com\/tr\/monoblok-kosk\/","title":{"rendered":"MONOBLOK K\u00d6\u015eK"},"content":{"rendered":"\n<p><strong>Bitmi\u015f ve kompakt sistem olarak metal ve monoblok beton k\u00f6\u015fkler<\/strong><\/p>\n\n\n\n<p>Metal ve beton monoblok k\u00f6\u015fkler 36kV seviyesine kadar trafo merkezlerinde, da\u011f\u0131t\u0131m sistemlerinde, jenerat\u00f6r besleme sistemlerinde, enerji santrallerinde, end\u00fcstriyel tesislerde, organize sanayi b\u00f6lgelerinde, kamu ve h\u0131zl\u0131 insan eri\u015fimi i\u00e7in kullan\u0131lmaktad\u0131r.<\/p>\n\n\n\n<p>BEGEL Enerji, talep edilen m\u00fchendislik sistemi gereksinimlerine g\u00f6re, bitmi\u015f ve kompakt bir sistem halinde m\u00fc\u015fterilerimize sunulan metal ve monoblok beton k\u00f6\u015fkler ile \u00e7al\u0131\u015fmaktad\u0131r.<\/p>\n","protected":false},"excerpt":{"rendered":"<p>Bitmi\u015f ve kompakt sistem olarak metal ve monoblok beton k\u00f6\u015fkler Metal ve beton monoblok k\u00f6\u015fkler 36kV seviyesine kadar trafo merkezlerinde, da\u011f\u0131t\u0131m sistemlerinde, jenerat\u00f6r besleme sistemlerinde, enerji santrallerinde, end\u00fcstriyel tesislerde, organize sanayi b\u00f6lgelerinde, kamu ve h\u0131zl\u0131 insan eri\u015fimi i\u00e7in kullan\u0131lmaktad\u0131r. BEGEL Enerji, talep edilen m\u00fchendislik sistemi gereksinimlerine g\u00f6re, bitmi\u015f ve kompakt bir sistem halinde m\u00fc\u015fterilerimize sunulan [&hellip;]<\/p>\n","protected":false},"author":1,"featured_media":0,"parent":0,"menu_order":0,"comment_status":"closed","ping_status":"closed","template":"","meta":[],"_links":{"self":[{"href":"https:\/\/www.begelelektrik.com\/tr\/wp-json\/wp\/v2\/pages\/262"}],"collection":[{"href":"https:\/\/www.begelelektrik.com\/tr\/wp-json\/wp\/v2\/pages"}],"about":[{"href":"https:\/\/www.begelelektrik.com\/tr\/wp-json\/wp\/v2\/types\/page"}],"author":[{"embeddable":true,"href":"https:\/\/www.begelelektrik.com\/tr\/wp-json\/wp\/v2\/users\/1"}],"replies":[{"embeddable":true,"href":"https:\/\/www.begelelektrik.com\/tr\/wp-json\/wp\/v2\/comments?post=262"}],"version-history":[{"count":1,"href":"https:\/\/www.begelelektrik.com\/tr\/wp-json\/wp\/v2\/pages\/262\/revisions"}],"predecessor-version":[{"id":263,"href":"https:\/\/www.begelelektrik.com\/tr\/wp-json\/wp\/v2\/pages\/262\/revisions\/263"}],"wp:attachment":[{"href":"https:\/\/www.begelelektrik.com\/tr\/wp-json\/wp\/v2\/media?parent=262"}],"curies":[{"name":"wp","href":"https:\/\/api.w.org\/{rel}","templated":true}]}}