{"id":264,"date":"2023-04-03T18:52:56","date_gmt":"2023-04-03T15:52:56","guid":{"rendered":"https:\/\/www.begelelektrik.com\/tr\/?page_id=264"},"modified":"2023-04-03T18:52:56","modified_gmt":"2023-04-03T15:52:56","slug":"parafudrlar","status":"publish","type":"page","link":"https:\/\/www.begelelektrik.com\/tr\/parafudrlar\/","title":{"rendered":"PARAFUDRLAR"},"content":{"rendered":"\n<p><strong>Hesaplanm\u0131\u015f devre kesicilere sahip g\u00fcvenlik sistemleri<\/strong><\/p>\n\n\n\n<p>Devre kesiciler, y\u00fcksek gerilim ve y\u00fcksek ak\u0131m anahtarlama sistemlerinde y\u00fck ak\u0131m\u0131n\u0131 ve k\u0131sa devre ak\u0131mlar\u0131n\u0131 kesmeye yarayan anahtarlama cihazlar\u0131d\u0131r.&nbsp;Bu cihazlar \u00fc\u00e7 fazl\u0131 veya tek fazl\u0131 sistemde kontrol edilebilir ve y\u00fckleme, bo\u015faltma ve k\u0131sa devre olarak kullan\u0131labilir.&nbsp;Ayr\u0131ca, otomatik olarak kullan\u0131labilirler.&nbsp;B\u00f6ylece insanlar\u0131 tehlikelerden korur, al\u00e7ak ve y\u00fcksek gerilim sistemlerinde olu\u015fabilecek zararlar\u0131 en aza indirir.<\/p>\n\n\n\n<p>BEGEL Enerji, kurulum hizmeti de verilen sistemlerde en \u00f6nemli cihazlardan biri olan do\u011fru devre kesicilerin temini i\u00e7in gerekli k\u0131sa devre sistem hesaplar\u0131 ile g\u00fcvenlik sistemini sunmaktad\u0131r.<\/p>\n","protected":false},"excerpt":{"rendered":"<p>Hesaplanm\u0131\u015f devre kesicilere sahip g\u00fcvenlik sistemleri Devre kesiciler, y\u00fcksek gerilim ve y\u00fcksek ak\u0131m anahtarlama sistemlerinde y\u00fck ak\u0131m\u0131n\u0131 ve k\u0131sa devre ak\u0131mlar\u0131n\u0131 kesmeye yarayan anahtarlama cihazlar\u0131d\u0131r.&nbsp;Bu cihazlar \u00fc\u00e7 fazl\u0131 veya tek fazl\u0131 sistemde kontrol edilebilir ve y\u00fckleme, bo\u015faltma ve k\u0131sa devre olarak kullan\u0131labilir.&nbsp;Ayr\u0131ca, otomatik olarak kullan\u0131labilirler.&nbsp;B\u00f6ylece insanlar\u0131 tehlikelerden korur, al\u00e7ak ve y\u00fcksek gerilim sistemlerinde olu\u015fabilecek zararlar\u0131 [&hellip;]<\/p>\n","protected":false},"author":1,"featured_media":0,"parent":0,"menu_order":0,"comment_status":"closed","ping_status":"closed","template":"","meta":[],"_links":{"self":[{"href":"https:\/\/www.begelelektrik.com\/tr\/wp-json\/wp\/v2\/pages\/264"}],"collection":[{"href":"https:\/\/www.begelelektrik.com\/tr\/wp-json\/wp\/v2\/pages"}],"about":[{"href":"https:\/\/www.begelelektrik.com\/tr\/wp-json\/wp\/v2\/types\/page"}],"author":[{"embeddable":true,"href":"https:\/\/www.begelelektrik.com\/tr\/wp-json\/wp\/v2\/users\/1"}],"replies":[{"embeddable":true,"href":"https:\/\/www.begelelektrik.com\/tr\/wp-json\/wp\/v2\/comments?post=264"}],"version-history":[{"count":1,"href":"https:\/\/www.begelelektrik.com\/tr\/wp-json\/wp\/v2\/pages\/264\/revisions"}],"predecessor-version":[{"id":265,"href":"https:\/\/www.begelelektrik.com\/tr\/wp-json\/wp\/v2\/pages\/264\/revisions\/265"}],"wp:attachment":[{"href":"https:\/\/www.begelelektrik.com\/tr\/wp-json\/wp\/v2\/media?parent=264"}],"curies":[{"name":"wp","href":"https:\/\/api.w.org\/{rel}","templated":true}]}}