{"id":266,"date":"2023-04-03T18:53:54","date_gmt":"2023-04-03T15:53:54","guid":{"rendered":"https:\/\/www.begelelektrik.com\/tr\/?page_id=266"},"modified":"2023-04-03T18:53:54","modified_gmt":"2023-04-03T15:53:54","slug":"kontrol-izleme-scada-sistemleri","status":"publish","type":"page","link":"https:\/\/www.begelelektrik.com\/tr\/kontrol-izleme-scada-sistemleri\/","title":{"rendered":"KONTROL \u0130ZLEME SCADA S\u0130STEMLER\u0130"},"content":{"rendered":"\n<p>BEGEL Enerji, otomasyon ve Scada sistemlerinizi entegre eden ve kendi yerel-uzaktan kontrol ve izleme sistemlerinizle eksiksiz bir sistem tasarlayan geli\u015fmi\u015f bir bildirim sistemi kullan\u0131r.<\/p>\n\n\n\n<p>Enerji \u00fcretim tesisleri, elektrik \u015febeke sistemleri, trafo merkezleri, end\u00fcstriyel tesisler, makine ve proses otomasyonu konular\u0131nda m\u00fchendislik uzmanl\u0131\u011f\u0131 ve deneyimine sahibiz.&nbsp;M\u00fc\u015fterilerimizin ihtiyac\u0131na g\u00f6re otomasyon ve Scada sistemleri i\u00e7in ekipman temini ile gerekli kontrol ve izleme sistemlerini firmam\u0131z temin edebilmektedir.<\/p>\n","protected":false},"excerpt":{"rendered":"<p>BEGEL Enerji, otomasyon ve Scada sistemlerinizi entegre eden ve kendi yerel-uzaktan kontrol ve izleme sistemlerinizle eksiksiz bir sistem tasarlayan geli\u015fmi\u015f bir bildirim sistemi kullan\u0131r. Enerji \u00fcretim tesisleri, elektrik \u015febeke sistemleri, trafo merkezleri, end\u00fcstriyel tesisler, makine ve proses otomasyonu konular\u0131nda m\u00fchendislik uzmanl\u0131\u011f\u0131 ve deneyimine sahibiz.&nbsp;M\u00fc\u015fterilerimizin ihtiyac\u0131na g\u00f6re otomasyon ve Scada sistemleri i\u00e7in ekipman temini ile gerekli [&hellip;]<\/p>\n","protected":false},"author":1,"featured_media":0,"parent":0,"menu_order":0,"comment_status":"closed","ping_status":"closed","template":"","meta":[],"_links":{"self":[{"href":"https:\/\/www.begelelektrik.com\/tr\/wp-json\/wp\/v2\/pages\/266"}],"collection":[{"href":"https:\/\/www.begelelektrik.com\/tr\/wp-json\/wp\/v2\/pages"}],"about":[{"href":"https:\/\/www.begelelektrik.com\/tr\/wp-json\/wp\/v2\/types\/page"}],"author":[{"embeddable":true,"href":"https:\/\/www.begelelektrik.com\/tr\/wp-json\/wp\/v2\/users\/1"}],"replies":[{"embeddable":true,"href":"https:\/\/www.begelelektrik.com\/tr\/wp-json\/wp\/v2\/comments?post=266"}],"version-history":[{"count":1,"href":"https:\/\/www.begelelektrik.com\/tr\/wp-json\/wp\/v2\/pages\/266\/revisions"}],"predecessor-version":[{"id":267,"href":"https:\/\/www.begelelektrik.com\/tr\/wp-json\/wp\/v2\/pages\/266\/revisions\/267"}],"wp:attachment":[{"href":"https:\/\/www.begelelektrik.com\/tr\/wp-json\/wp\/v2\/media?parent=266"}],"curies":[{"name":"wp","href":"https:\/\/api.w.org\/{rel}","templated":true}]}}