{"id":270,"date":"2023-04-12T15:08:37","date_gmt":"2023-04-12T12:08:37","guid":{"rendered":"https:\/\/www.begelelektrik.com\/tr\/?page_id=270"},"modified":"2023-04-12T16:35:08","modified_gmt":"2023-04-12T13:35:08","slug":"urunlerimiz","status":"publish","type":"page","link":"https:\/\/www.begelelektrik.com\/tr\/urunlerimiz\/","title":{"rendered":"\u00dcR\u00dcNLER\u0130M\u0130Z"},"content":{"rendered":"\n<div class=\"wp-block-columns is-layout-flex wp-container-5\">\n<div class=\"wp-block-column is-layout-flow\"><div class=\"wp-block-image\">\n<figure class=\"aligncenter size-full\"><a href=\"https:\/\/www.begelelektrik.com\/tr\/kontrol-koruma-role-panolari\/\"><img decoding=\"async\" loading=\"lazy\" width=\"1002\" height=\"499\" src=\"https:\/\/www.begelelektrik.com\/tr\/wp-content\/uploads\/2023\/04\/10.png\" alt=\"\" class=\"wp-image-300\" srcset=\"https:\/\/www.begelelektrik.com\/tr\/wp-content\/uploads\/2023\/04\/10.png 1002w, https:\/\/www.begelelektrik.com\/tr\/wp-content\/uploads\/2023\/04\/10-300x149.png 300w, https:\/\/www.begelelektrik.com\/tr\/wp-content\/uploads\/2023\/04\/10-768x382.png 768w\" sizes=\"(max-width: 1002px) 100vw, 1002px\" \/><\/a><\/figure><\/div>\n\n\n<div style=\"height:15px\" aria-hidden=\"true\" class=\"wp-block-spacer\"><\/div>\n\n\n\n<p class=\"has-text-align-center\"><a href=\"https:\/\/www.begelelektrik.com\/tr\/kontrol-koruma-role-panolari\/\">Kontrol &amp; Koruma R\u00f6le Panolar\u0131<\/a><\/p>\n<\/div>\n\n\n\n<div class=\"wp-block-column is-layout-flow\"><div class=\"wp-block-image\">\n<figure class=\"aligncenter size-full\"><a href=\"https:\/\/www.begelelektrik.com\/tr\/uzaktan-kontrol-ve-gozleme-sistemleri\/\"><img decoding=\"async\" loading=\"lazy\" width=\"550\" height=\"260\" src=\"https:\/\/www.begelelektrik.com\/tr\/wp-content\/uploads\/2023\/04\/2.jpg\" alt=\"\" class=\"wp-image-272\" srcset=\"https:\/\/www.begelelektrik.com\/tr\/wp-content\/uploads\/2023\/04\/2.jpg 550w, https:\/\/www.begelelektrik.com\/tr\/wp-content\/uploads\/2023\/04\/2-300x142.jpg 300w\" sizes=\"(max-width: 550px) 100vw, 550px\" \/><\/a><\/figure><\/div>\n\n\n<div style=\"height:15px\" aria-hidden=\"true\" class=\"wp-block-spacer\"><\/div>\n\n\n\n<p class=\"has-text-align-center\"><a href=\"https:\/\/www.begelelektrik.com\/tr\/uzaktan-kontrol-ve-gozleme-sistemleri\/\">Kontrol \u0130zleme SCADA Sistemleri<\/a><\/p>\n<\/div>\n\n\n\n<div class=\"wp-block-column is-layout-flow\"><div class=\"wp-block-image\">\n<figure class=\"aligncenter size-full\"><a href=\"https:\/\/www.begelelektrik.com\/tr\/akim-ve-gerilim-enstruman-transformatorleri\/\"><img decoding=\"async\" loading=\"lazy\" width=\"550\" height=\"260\" src=\"https:\/\/www.begelelektrik.com\/tr\/wp-content\/uploads\/2023\/04\/3.jpg\" alt=\"\" class=\"wp-image-273\" srcset=\"https:\/\/www.begelelektrik.com\/tr\/wp-content\/uploads\/2023\/04\/3.jpg 550w, https:\/\/www.begelelektrik.com\/tr\/wp-content\/uploads\/2023\/04\/3-300x142.jpg 300w\" sizes=\"(max-width: 550px) 100vw, 550px\" \/><\/a><\/figure><\/div>\n\n\n<div style=\"height:13px\" aria-hidden=\"true\" class=\"wp-block-spacer\"><\/div>\n\n\n\n<p class=\"has-text-align-center\"><a href=\"https:\/\/www.begelelektrik.com\/tr\/akim-ve-gerilim-enstruman-transformatorleri\/\">Ak\u0131m ve Gerilim Enstr\u00fcman Transformat\u00f6rleri<\/a><\/p>\n<\/div>\n\n\n\n<div class=\"wp-block-column is-layout-flow\"><div class=\"wp-block-image\">\n<figure class=\"aligncenter size-full\"><a href=\"https:\/\/www.begelelektrik.com\/tr\/parafudrlar\/\"><img decoding=\"async\" loading=\"lazy\" width=\"550\" height=\"260\" src=\"https:\/\/www.begelelektrik.com\/tr\/wp-content\/uploads\/2023\/04\/4.jpg\" alt=\"\" class=\"wp-image-274\" srcset=\"https:\/\/www.begelelektrik.com\/tr\/wp-content\/uploads\/2023\/04\/4.jpg 550w, https:\/\/www.begelelektrik.com\/tr\/wp-content\/uploads\/2023\/04\/4-300x142.jpg 300w\" sizes=\"(max-width: 550px) 100vw, 550px\" \/><\/a><\/figure><\/div>\n\n\n<div style=\"height:15px\" aria-hidden=\"true\" class=\"wp-block-spacer\"><\/div>\n\n\n\n<p class=\"has-text-align-center\"><a href=\"https:\/\/www.begelelektrik.com\/tr\/parafudrlar\/\">Parafudrlar<\/a><\/p>\n<\/div>\n<\/div>\n\n\n\n<div class=\"wp-block-columns is-layout-flex wp-container-10\">\n<div class=\"wp-block-column is-layout-flow\"><div class=\"wp-block-image\">\n<figure class=\"aligncenter size-full\"><img decoding=\"async\" loading=\"lazy\" width=\"550\" height=\"260\" src=\"https:\/\/www.begelelektrik.com\/tr\/wp-content\/uploads\/2023\/04\/5.jpg\" alt=\"\" class=\"wp-image-275\" srcset=\"https:\/\/www.begelelektrik.com\/tr\/wp-content\/uploads\/2023\/04\/5.jpg 550w, https:\/\/www.begelelektrik.com\/tr\/wp-content\/uploads\/2023\/04\/5-300x142.jpg 300w\" sizes=\"(max-width: 550px) 100vw, 550px\" \/><\/figure><\/div>\n\n\n<div style=\"height:14px\" aria-hidden=\"true\" class=\"wp-block-spacer\"><\/div>\n\n\n\n<p class=\"has-text-align-center\">Devre kesiciler<\/p>\n<\/div>\n\n\n\n<div class=\"wp-block-column is-layout-flow\"><div class=\"wp-block-image\">\n<figure class=\"aligncenter size-full\"><a href=\"https:\/\/www.begelelektrik.com\/tr\/ayiricilar\/\"><img decoding=\"async\" loading=\"lazy\" width=\"550\" height=\"260\" src=\"https:\/\/www.begelelektrik.com\/tr\/wp-content\/uploads\/2023\/04\/6.jpg\" alt=\"\" class=\"wp-image-276\" srcset=\"https:\/\/www.begelelektrik.com\/tr\/wp-content\/uploads\/2023\/04\/6.jpg 550w, https:\/\/www.begelelektrik.com\/tr\/wp-content\/uploads\/2023\/04\/6-300x142.jpg 300w\" sizes=\"(max-width: 550px) 100vw, 550px\" \/><\/a><\/figure><\/div>\n\n\n<div style=\"height:15px\" aria-hidden=\"true\" class=\"wp-block-spacer\"><\/div>\n\n\n\n<p class=\"has-text-align-center\"><a href=\"https:\/\/www.begelelektrik.com\/tr\/ayiricilar\/\">Ay\u0131r\u0131c\u0131lar<\/a><\/p>\n<\/div>\n\n\n\n<div class=\"wp-block-column is-layout-flow\"><div class=\"wp-block-image\">\n<figure class=\"aligncenter size-full\"><a href=\"https:\/\/www.begelelektrik.com\/tr\/monoblok-kosk\/\"><img decoding=\"async\" loading=\"lazy\" width=\"550\" height=\"260\" src=\"https:\/\/www.begelelektrik.com\/tr\/wp-content\/uploads\/2023\/04\/7.jpg\" alt=\"\" class=\"wp-image-277\" srcset=\"https:\/\/www.begelelektrik.com\/tr\/wp-content\/uploads\/2023\/04\/7.jpg 550w, https:\/\/www.begelelektrik.com\/tr\/wp-content\/uploads\/2023\/04\/7-300x142.jpg 300w\" sizes=\"(max-width: 550px) 100vw, 550px\" \/><\/a><\/figure><\/div>\n\n\n<div style=\"height:15px\" aria-hidden=\"true\" class=\"wp-block-spacer\"><\/div>\n\n\n\n<p class=\"has-text-align-center\"><a href=\"https:\/\/www.begelelektrik.com\/tr\/monoblok-kosk\/\">Monoblok K\u00f6\u015fk<\/a><\/p>\n<\/div>\n\n\n\n<div class=\"wp-block-column is-layout-flow\"><div class=\"wp-block-image\">\n<figure class=\"aligncenter size-full\"><a href=\"https:\/\/www.begelelektrik.com\/tr\/moduler-kubik-rmu-metal-clad\/\"><img decoding=\"async\" loading=\"lazy\" width=\"550\" height=\"260\" src=\"https:\/\/www.begelelektrik.com\/tr\/wp-content\/uploads\/2023\/04\/8.png\" alt=\"\" class=\"wp-image-278\" srcset=\"https:\/\/www.begelelektrik.com\/tr\/wp-content\/uploads\/2023\/04\/8.png 550w, https:\/\/www.begelelektrik.com\/tr\/wp-content\/uploads\/2023\/04\/8-300x142.png 300w\" sizes=\"(max-width: 550px) 100vw, 550px\" \/><\/a><\/figure><\/div>\n\n\n<div style=\"height:16px\" aria-hidden=\"true\" class=\"wp-block-spacer\"><\/div>\n\n\n\n<p class=\"has-text-align-center\"><a href=\"https:\/\/www.begelelektrik.com\/tr\/moduler-kubik-rmu-metal-clad\/\">Mod\u00fcler K\u00fcbik, RMU, Metal Clad<\/a><\/p>\n<\/div>\n<\/div>\n\n\n\n<div class=\"wp-block-columns is-layout-flex wp-container-15\">\n<div class=\"wp-block-column is-layout-flow\"><div class=\"wp-block-image\">\n<figure class=\"aligncenter size-full\"><a href=\"https:\/\/www.begelelektrik.com\/tr\/trafo-sont-reaktor\/\"><img decoding=\"async\" loading=\"lazy\" width=\"550\" height=\"260\" src=\"https:\/\/www.begelelektrik.com\/tr\/wp-content\/uploads\/2023\/04\/9.jpg\" alt=\"\" class=\"wp-image-279\" srcset=\"https:\/\/www.begelelektrik.com\/tr\/wp-content\/uploads\/2023\/04\/9.jpg 550w, https:\/\/www.begelelektrik.com\/tr\/wp-content\/uploads\/2023\/04\/9-300x142.jpg 300w\" sizes=\"(max-width: 550px) 100vw, 550px\" \/><\/a><\/figure><\/div>\n\n\n<div style=\"height:15px\" aria-hidden=\"true\" class=\"wp-block-spacer\"><\/div>\n\n\n\n<p class=\"has-text-align-center\"><a href=\"https:\/\/www.begelelektrik.com\/tr\/trafo-sont-reaktor\/\">Trafo &amp; \u015e\u00f6nt Reakt\u00f6r<\/a><\/p>\n<\/div>\n\n\n\n<div class=\"wp-block-column is-layout-flow\">\n<figure class=\"wp-block-image size-full\"><img decoding=\"async\" loading=\"lazy\" width=\"235\" height=\"132\" src=\"https:\/\/www.begelelektrik.com\/tr\/wp-content\/uploads\/2023\/04\/K1.jpg\" alt=\"\" class=\"wp-image-304\"\/><\/figure>\n\n\n\n<div style=\"height:14px\" aria-hidden=\"true\" class=\"wp-block-spacer\"><\/div>\n\n\n\n<p class=\"has-text-align-center\">Kablolar<\/p>\n<\/div>\n\n\n\n<div class=\"wp-block-column is-layout-flow\">\n<figure class=\"wp-block-image size-full\"><img decoding=\"async\" loading=\"lazy\" width=\"235\" height=\"132\" src=\"https:\/\/www.begelelektrik.com\/tr\/wp-content\/uploads\/2023\/04\/I2.jpg\" alt=\"\" class=\"wp-image-305\"\/><\/figure>\n\n\n\n<div style=\"height:15px\" aria-hidden=\"true\" class=\"wp-block-spacer\"><\/div>\n\n\n\n<p class=\"has-text-align-center\">\u0130letim Hatlar\u0131<\/p>\n<\/div>\n\n\n\n<div class=\"wp-block-column is-layout-flow\">\n<figure class=\"wp-block-image size-full\"><img decoding=\"async\" loading=\"lazy\" width=\"236\" height=\"123\" src=\"https:\/\/www.begelelektrik.com\/tr\/wp-content\/uploads\/2023\/04\/Y1.jpg\" alt=\"\" class=\"wp-image-306\"\/><\/figure>\n\n\n\n<div style=\"height:15px\" aria-hidden=\"true\" class=\"wp-block-spacer\"><\/div>\n\n\n\n<p class=\"has-text-align-center\">Y\u00fcksek Gerilim Konnekt\u00f6rleri<\/p>\n<\/div>\n<\/div>\n\n\n\n<div class=\"wp-block-columns is-layout-flex wp-container-20\">\n<div class=\"wp-block-column is-layout-flow\">\n<figure class=\"wp-block-image size-full\"><img decoding=\"async\" loading=\"lazy\" width=\"300\" height=\"196\" src=\"https:\/\/www.begelelektrik.com\/tr\/wp-content\/uploads\/2023\/04\/tel.jpg\" alt=\"\" class=\"wp-image-307\"\/><\/figure>\n\n\n\n<div style=\"height:15px\" aria-hidden=\"true\" class=\"wp-block-spacer\"><\/div>\n\n\n\n<p class=\"has-text-align-center\">Telekom\u00fcnikasyon Sistemleri<\/p>\n<\/div>\n\n\n\n<div class=\"wp-block-column is-layout-flow\"><\/div>\n\n\n\n<div class=\"wp-block-column is-layout-flow\"><\/div>\n\n\n\n<div class=\"wp-block-column is-layout-flow\"><\/div>\n<\/div>\n","protected":false},"excerpt":{"rendered":"<p>Kontrol &amp; Koruma R\u00f6le Panolar\u0131 Kontrol \u0130zleme SCADA Sistemleri Ak\u0131m ve Gerilim Enstr\u00fcman Transformat\u00f6rleri Parafudrlar Devre kesiciler Ay\u0131r\u0131c\u0131lar Monoblok K\u00f6\u015fk Mod\u00fcler K\u00fcbik, RMU, Metal Clad Trafo &amp; \u015e\u00f6nt Reakt\u00f6r Kablolar \u0130letim Hatlar\u0131 Y\u00fcksek Gerilim Konnekt\u00f6rleri Telekom\u00fcnikasyon Sistemleri<\/p>\n","protected":false},"author":1,"featured_media":0,"parent":0,"menu_order":0,"comment_status":"closed","ping_status":"closed","template":"","meta":[],"_links":{"self":[{"href":"https:\/\/www.begelelektrik.com\/tr\/wp-json\/wp\/v2\/pages\/270"}],"collection":[{"href":"https:\/\/www.begelelektrik.com\/tr\/wp-json\/wp\/v2\/pages"}],"about":[{"href":"https:\/\/www.begelelektrik.com\/tr\/wp-json\/wp\/v2\/types\/page"}],"author":[{"embeddable":true,"href":"https:\/\/www.begelelektrik.com\/tr\/wp-json\/wp\/v2\/users\/1"}],"replies":[{"embeddable":true,"href":"https:\/\/www.begelelektrik.com\/tr\/wp-json\/wp\/v2\/comments?post=270"}],"version-history":[{"count":10,"href":"https:\/\/www.begelelektrik.com\/tr\/wp-json\/wp\/v2\/pages\/270\/revisions"}],"predecessor-version":[{"id":310,"href":"https:\/\/www.begelelektrik.com\/tr\/wp-json\/wp\/v2\/pages\/270\/revisions\/310"}],"wp:attachment":[{"href":"https:\/\/www.begelelektrik.com\/tr\/wp-json\/wp\/v2\/media?parent=270"}],"curies":[{"name":"wp","href":"https:\/\/api.w.org\/{rel}","templated":true}]}}