{"id":72,"date":"2019-12-05T11:07:25","date_gmt":"2019-12-05T08:07:25","guid":{"rendered":"https:\/\/begelelektrik.com\/tr\/?page_id=72"},"modified":"2019-12-05T11:07:25","modified_gmt":"2019-12-05T08:07:25","slug":"role-ve-kumanda-panolari","status":"publish","type":"page","link":"https:\/\/www.begelelektrik.com\/tr\/role-ve-kumanda-panolari\/","title":{"rendered":"R\u00d6LE VE KUMANDA PANOLARI"},"content":{"rendered":"\n<div class=\"wp-block-columns is-layout-flex wp-container-3\">\n<div class=\"wp-block-column is-layout-flow\">\n<figure class=\"wp-block-table\"><table class=\"\"><tbody><tr><td> <strong>\u00dcr\u00fcn Kodu:\u00a0<\/strong>BEG01,BEG02,BEG03<br><strong>\u00dcretici:<\/strong>\u00a0BEGEL ENERJ\u0130 <br><br> <strong>\u00dcr\u00fcn \u00d6zellikleri<\/strong>:<br>&#8211; Anma Gerilimi 220-380 VAC <br>&#8211; Mekanik \u00d6zellikler:  48-110 VDC <br>&#8211; Y\u00fckseklik:  2100 mm <br>&#8211; Geni\u015flik -Derinlik: 800\/1100 mm 800 mm <br>&#8211; Renk:  RAL 7032 <br> <br><strong>Detaylar:<\/strong><br>&#8211; 34,5 kV \u015e\u00f6nt Kapasit\u00f6r R\u00f6le Kumanda Panosu<br>&#8211; 34,5 kV-154kV-380 kV-500kV\u00a0 Kumanda Panosu<br>&#8211; A.G. Kumando Panosu<br>&#8211; 154kV-380kV-500kV\u00a0 R\u00f6le Panosu<br>&#8211; 0-400 V AC Yard\u0131mc\u0131 Servis Panosu<br>&#8211; 24-48 V DC Yard\u0131mc\u0131 Servis Panosu<br>&#8211; 110-220 V DC Yard\u0131mc\u0131 Servis Panosu<br>&#8211; 34,5 kV-154kV-380 kV-500kV Scada Panosu<br>&#8211; \u00d6l\u00e7\u00fc ve Saya\u00e7 Panosu<br>&#8211; Sekronizasyon Panosu<br>&#8211; Saha Da\u011f\u0131t\u0131m Kutusu<br>&#8211; Otomasyon Panosu<br>&#8211; Kesici Ar\u0131za ve Bara Koruma Sistemi Panosu<br>&#8211; Bilgi Toplama Panosu<br>&#8211; OG Switch\u00a0 Panosu <\/td><\/tr><\/tbody><\/table><\/figure>\n<\/div>\n\n\n\n<div class=\"wp-block-column is-layout-flow\">\n<figure class=\"wp-block-image size-large\"><img decoding=\"async\" loading=\"lazy\" width=\"800\" height=\"450\" src=\"https:\/\/begelelektrik.com\/tr\/wp-content\/uploads\/2019\/12\/rolevekumanda.jpg\" alt=\"\" class=\"wp-image-78\" srcset=\"https:\/\/www.begelelektrik.com\/tr\/wp-content\/uploads\/2019\/12\/rolevekumanda.jpg 800w, https:\/\/www.begelelektrik.com\/tr\/wp-content\/uploads\/2019\/12\/rolevekumanda-300x169.jpg 300w, https:\/\/www.begelelektrik.com\/tr\/wp-content\/uploads\/2019\/12\/rolevekumanda-768x432.jpg 768w\" sizes=\"(max-width: 800px) 100vw, 800px\" \/><\/figure>\n\n\n\n<figure class=\"wp-block-image size-large\"><img decoding=\"async\" loading=\"lazy\" width=\"540\" height=\"403\" src=\"https:\/\/begelelektrik.com\/tr\/wp-content\/uploads\/2019\/12\/role.jpg\" alt=\"\" class=\"wp-image-80\" srcset=\"https:\/\/www.begelelektrik.com\/tr\/wp-content\/uploads\/2019\/12\/role.jpg 540w, https:\/\/www.begelelektrik.com\/tr\/wp-content\/uploads\/2019\/12\/role-300x224.jpg 300w\" sizes=\"(max-width: 540px) 100vw, 540px\" \/><\/figure>\n<\/div>\n<\/div>\n","protected":false},"excerpt":{"rendered":"<p>\u00dcr\u00fcn Kodu:\u00a0BEG01,BEG02,BEG03\u00dcretici:\u00a0BEGEL ENERJ\u0130 \u00dcr\u00fcn \u00d6zellikleri:&#8211; Anma Gerilimi 220-380 VAC &#8211; Mekanik \u00d6zellikler: 48-110 VDC &#8211; Y\u00fckseklik: 2100 mm &#8211; Geni\u015flik -Derinlik: 800\/1100 mm 800 mm &#8211; Renk: RAL 7032 Detaylar:&#8211; 34,5 kV \u015e\u00f6nt Kapasit\u00f6r R\u00f6le Kumanda Panosu&#8211; 34,5 kV-154kV-380 kV-500kV\u00a0 Kumanda Panosu&#8211; A.G. Kumando Panosu&#8211; 154kV-380kV-500kV\u00a0 R\u00f6le Panosu&#8211; 0-400 V AC Yard\u0131mc\u0131 Servis Panosu&#8211; 24-48 [&hellip;]<\/p>\n","protected":false},"author":1,"featured_media":0,"parent":0,"menu_order":0,"comment_status":"closed","ping_status":"closed","template":"","meta":[],"_links":{"self":[{"href":"https:\/\/www.begelelektrik.com\/tr\/wp-json\/wp\/v2\/pages\/72"}],"collection":[{"href":"https:\/\/www.begelelektrik.com\/tr\/wp-json\/wp\/v2\/pages"}],"about":[{"href":"https:\/\/www.begelelektrik.com\/tr\/wp-json\/wp\/v2\/types\/page"}],"author":[{"embeddable":true,"href":"https:\/\/www.begelelektrik.com\/tr\/wp-json\/wp\/v2\/users\/1"}],"replies":[{"embeddable":true,"href":"https:\/\/www.begelelektrik.com\/tr\/wp-json\/wp\/v2\/comments?post=72"}],"version-history":[{"count":9,"href":"https:\/\/www.begelelektrik.com\/tr\/wp-json\/wp\/v2\/pages\/72\/revisions"}],"predecessor-version":[{"id":83,"href":"https:\/\/www.begelelektrik.com\/tr\/wp-json\/wp\/v2\/pages\/72\/revisions\/83"}],"wp:attachment":[{"href":"https:\/\/www.begelelektrik.com\/tr\/wp-json\/wp\/v2\/media?parent=72"}],"curies":[{"name":"wp","href":"https:\/\/api.w.org\/{rel}","templated":true}]}}