{"id":96,"date":"2019-12-05T11:26:41","date_gmt":"2019-12-05T08:26:41","guid":{"rendered":"https:\/\/begelelektrik.com\/tr\/?page_id=96"},"modified":"2019-12-05T13:06:13","modified_gmt":"2019-12-05T10:06:13","slug":"uzaktan-kontrol-ve-gozleme-sistemleri","status":"publish","type":"page","link":"https:\/\/www.begelelektrik.com\/tr\/uzaktan-kontrol-ve-gozleme-sistemleri\/","title":{"rendered":"UZAKTAN KONTROL VE G\u00d6ZLEME S\u0130STEMLER\u0130"},"content":{"rendered":"\n<div class=\"wp-block-columns is-layout-flex wp-container-3\">\n<div class=\"wp-block-column is-layout-flow\">\n<p> <strong>\u00dcr\u00fcn Kodu:&nbsp;<\/strong>BESC01 <\/p>\n\n\n\n<p> <strong>\u00dcretici:<\/strong>&nbsp;BEGEL ENERJ\u0130 <\/p>\n\n\n\n<p> <strong>\u00dcr\u00fcn \u00d6zellikleri:<\/strong> <\/p>\n\n\n\n<p>&#8211; AG-OG-YG \u015ealt Tesislerinin Uzaktan Kontrol ve \u0130zlenmesi<\/p>\n\n\n\n<p>&#8211; Markadan ba\u011f\u0131ms\u0131z m\u00fc\u015fteriye \u00f6zel sistem \u00e7\u00f6z\u00fcmleri<\/p>\n\n\n\n<p> <\/p>\n\n\n\n<p><strong>Detaylar<\/strong> <\/p>\n\n\n\n<p><strong>Supervisory Control And Data Acquisition<\/strong>&nbsp;kelimelerinin ilk harfleri ile olu\u015fturulan&nbsp;<strong><a rel=\"noreferrer noopener\" href=\"http:\/\/www.elektrikport.com\/teknik-kutuphane\/cagimizin-vazgecilmezi-scada\/11595#ad-image-0\" target=\"_blank\">SCADA<\/a><\/strong>;&nbsp;<strong>\u201cMerkezi Denetleme Kontrol ve Veri Toplama\u201d<\/strong>&nbsp;sistemi olarak adland\u0131r\u0131lmaktad\u0131r.&nbsp;<strong>SCADA&nbsp;<\/strong>sistemleri geni\u015f alana yay\u0131lm\u0131\u015f tesislerin tek bir merkezden bilgisayar, cep telefonu veya tablet gibi&nbsp;cihazlarla izlenebildi\u011fi bir sistemdir ve temel olarak bir yaz\u0131l\u0131md\u0131r. Tek bir cihazdan kullan\u0131labilece\u011fi gibi a\u011f ba\u011flant\u0131lar\u0131yla birden fazla bilgisayar ve ta\u015f\u0131nabilir cihazla kontrol ve izleme yap\u0131labilir.<br>Begel Enerji olarak hemen hemen t\u00fcm sekt\u00f6rlere SCADA hizmeti vermekteyiz. A\u011f\u0131rl\u0131kl\u0131 olarak enerji sekt\u00f6r\u00fcne y\u00f6nelik SCADA hizmetlerimiz ve projelerimiz artan bir h\u0131zda&nbsp; devam etmektedir.&nbsp; <\/p>\n<\/div>\n\n\n\n<div class=\"wp-block-column is-layout-flow\">\n<figure class=\"wp-block-image size-large\"><img decoding=\"async\" loading=\"lazy\" width=\"800\" height=\"600\" src=\"https:\/\/begelelektrik.com\/tr\/wp-content\/uploads\/2019\/12\/elektriksalt.jpg\" alt=\"\" class=\"wp-image-99\" srcset=\"https:\/\/www.begelelektrik.com\/tr\/wp-content\/uploads\/2019\/12\/elektriksalt.jpg 800w, https:\/\/www.begelelektrik.com\/tr\/wp-content\/uploads\/2019\/12\/elektriksalt-300x225.jpg 300w, https:\/\/www.begelelektrik.com\/tr\/wp-content\/uploads\/2019\/12\/elektriksalt-768x576.jpg 768w\" sizes=\"(max-width: 800px) 100vw, 800px\" \/><\/figure>\n<\/div>\n<\/div>\n","protected":false},"excerpt":{"rendered":"<p>\u00dcr\u00fcn Kodu:&nbsp;BESC01 \u00dcretici:&nbsp;BEGEL ENERJ\u0130 \u00dcr\u00fcn \u00d6zellikleri: &#8211; AG-OG-YG \u015ealt Tesislerinin Uzaktan Kontrol ve \u0130zlenmesi &#8211; Markadan ba\u011f\u0131ms\u0131z m\u00fc\u015fteriye \u00f6zel sistem \u00e7\u00f6z\u00fcmleri Detaylar Supervisory Control And Data Acquisition&nbsp;kelimelerinin ilk harfleri ile olu\u015fturulan&nbsp;SCADA;&nbsp;\u201cMerkezi Denetleme Kontrol ve Veri Toplama\u201d&nbsp;sistemi olarak adland\u0131r\u0131lmaktad\u0131r.&nbsp;SCADA&nbsp;sistemleri geni\u015f alana yay\u0131lm\u0131\u015f tesislerin tek bir merkezden bilgisayar, cep telefonu veya tablet gibi&nbsp;cihazlarla izlenebildi\u011fi bir sistemdir ve [&hellip;]<\/p>\n","protected":false},"author":1,"featured_media":0,"parent":0,"menu_order":0,"comment_status":"closed","ping_status":"closed","template":"","meta":[],"_links":{"self":[{"href":"https:\/\/www.begelelektrik.com\/tr\/wp-json\/wp\/v2\/pages\/96"}],"collection":[{"href":"https:\/\/www.begelelektrik.com\/tr\/wp-json\/wp\/v2\/pages"}],"about":[{"href":"https:\/\/www.begelelektrik.com\/tr\/wp-json\/wp\/v2\/types\/page"}],"author":[{"embeddable":true,"href":"https:\/\/www.begelelektrik.com\/tr\/wp-json\/wp\/v2\/users\/1"}],"replies":[{"embeddable":true,"href":"https:\/\/www.begelelektrik.com\/tr\/wp-json\/wp\/v2\/comments?post=96"}],"version-history":[{"count":6,"href":"https:\/\/www.begelelektrik.com\/tr\/wp-json\/wp\/v2\/pages\/96\/revisions"}],"predecessor-version":[{"id":162,"href":"https:\/\/www.begelelektrik.com\/tr\/wp-json\/wp\/v2\/pages\/96\/revisions\/162"}],"wp:attachment":[{"href":"https:\/\/www.begelelektrik.com\/tr\/wp-json\/wp\/v2\/media?parent=96"}],"curies":[{"name":"wp","href":"https:\/\/api.w.org\/{rel}","templated":true}]}}